{"id":7148,"date":"2019-03-01T13:29:47","date_gmt":"2019-03-01T20:29:47","guid":{"rendered":"https:\/\/home.firstcanadian.ca\/?page_id=7148"},"modified":"2019-03-05T16:51:45","modified_gmt":"2019-03-05T23:51:45","slug":"regulatory-disclosures","status":"publish","type":"page","link":"https:\/\/home.firstcanadian.ca\/fr\/regulatory-disclosures\/","title":{"rendered":"Divulgations r\u00e8glementaires"},"content":{"rendered":"<div class=\"wpb-content-wrapper\"><p>[vc_row parallax=&#8221;content-moving&#8221; css_animation=&#8221;fadeIn&#8221; css=&#8221;.vc_custom_1528220948677{padding-top: 60px !important;padding-bottom: 100px !important;background-color: #eeeeee !important;}&#8221; el_class=&#8221;notfull&#8221;][vc_column][vc_column_text el_class=&#8221;blue&#8221;]<\/p>\n<h1 style=\"text-align: center;\"><strong>Divulgations r\u00e8glementaires<\/strong><\/h1>\n<p>[\/vc_column_text][\/vc_column][\/vc_row][vc_row css=&#8221;.vc_custom_1526340112704{margin-bottom: 100px !important;}&#8221;][vc_column width=&#8221;1\/6&#8243;][\/vc_column][vc_column width=&#8221;2\/3&#8243; el_class=&#8221;blue&#8221;][vc_column_text css=&#8221;.vc_custom_1551746574397{margin-bottom: 35px !important;}&#8221;]<\/p>\n<h5 style=\"text-align: center;\"><span style=\"color: #99ccff;\"><strong>TEST DE SUFFISANCE DU CAPITAL DES SOCI\u00c9T\u00c9S D\u2019ASSURANCE-VIE (TSAV) \u2014 COMMUNICATION PUBLIQUE<\/strong><\/span><\/h5>\n<h5 style=\"text-align: center;\"><span style=\"color: #99ccff;\"><strong>Pour la p\u00e9riode se terminant le 31\u00a0d\u00e9cembre\u00a02018<\/strong><\/span><\/h5>\n<p>[\/vc_column_text][vc_column_text]<\/p>\n<h3><strong>Divulgations r\u00e8glementaires<\/strong><\/h3>\n<p>[\/vc_column_text][vc_raw_html css=&#8221;.vc_custom_1551829771738{margin-top: 20px !important;margin-bottom: 20px !important;}&#8221;]JTNDZGl2JTIwY2xhc3MlM0QlMjJ2Y19yb3clMjIlM0UlMEElMjAlMjAlMjAlMjAlM0NkaXYlMjBjbGFzcyUzRCUyMndwYl9jb2x1bW4lMjB2Y19jb2x1bW5fY29udGFpbmVyJTIwdmNfY29sLXNtLTYlMjB2Y19jb2wtbWQtNCUyMHZjX2NvbC1sZy0zJTIyJTNFJTBBJTIwJTIwJTIwJTIwJTNDYSUyMGhyZWYlM0QlMjIlMkZ3cC1jb250ZW50JTJGdXBsb2FkcyUyRjIwMTklMkYwMyUyRkxJQ0FULTMxLURlYy0yMDE4LVB1YmxpYy1EaXNjbG9zdXJlLVJlcG9ydC1GQ0lDX0ZSLnYyLnBkZiUyMiUyMHRhcmdldCUzRCUyMl9ibGFuayUyMiUzRSUwQSUyMCUyMCUyMCUyMCUyMCUyMCUyMCUyMCUzQ2RpdiUyMGNsYXNzJTNEJTIyYnRuX3llbGxvdyUyMiUzRVQlQzMlQTlsJUMzJUE5Y2hhcmdlciUyMGxlJTIwcGRmJTNDJTJGZGl2JTNFJTBBJTIwJTIwJTIwJTIwJTNDJTJGYSUzRSUwQSUyMCUyMCUyMCUyMCUzQyUyRmRpdiUzRSUwQSUzQyUyRmRpdiUzRQ==[\/vc_raw_html][vc_column_text]Le Bureau du surintendant des institutions financi\u00e8res (BSIF) d\u00e9finit les attentes en mati\u00e8re de divulgation publique de la position de l\u2019assureur en termes de capital, de risque et de situation financi\u00e8re. Le principal organisme de r\u00e9glementation de La Corporation d\u2019assurance First Canadian (First\u00a0Canadian ou la Soci\u00e9t\u00e9) est le bureau du surintendant des institutions financi\u00e8res de l\u2019Alberta (<em>Alberta Superintendent of Financial Institutions<\/em>) qui a adopt\u00e9 la ligne directrice du BSIF \u00e0 l\u2019\u00e9gard des exigences de communication publique aff\u00e9rente au Test de suffisance du capital des soci\u00e9t\u00e9s d\u2019assurance vie (TSAV). La ligne directrice du BSIF exige que la communication du TSAV soit publi\u00e9e chaque ann\u00e9e.[\/vc_column_text][vc_column_text el_class=&#8221;blue&#8221;]<\/p>\n<h3><strong>Description de l\u2019assureur<\/strong><\/h3>\n<p>First Canadian exerce ses activit\u00e9s dans trois secteurs\u00a0: assurance collective des cr\u00e9anciers, avantages sociaux collectifs et polices individuelles d\u2019assurance vie temporaire (exploit\u00e9s sous le nom de Mosaic\u00a0Life).<\/p>\n<p>L\u2019assurance collective des cr\u00e9anciers comprend\u00a0: l\u2019assurance vie, l\u2019assurance invalidit\u00e9, l\u2019assurance contre les maladies graves et l\u2019assurance invalidit\u00e9 p\u00e9riode critique qui fournissent une assurance contre l\u2019encours de la dette \u00e0 l\u2019apparition d\u2019un \u00e9v\u00e9nement assurable. Ces produits sont vendus principalement par l\u2019entremise de concessionnaires d\u2019automobiles et de v\u00e9hicules r\u00e9cr\u00e9atifs.<\/p>\n<p>Les avantages sociaux collectifs comprennent\u00a0: l\u2019assurance vie de base, l\u2019assurance vie des personnes \u00e0 charge et l\u2019assurance vie facultative, l\u2019assurance mort ou mutilation par accident (\u00ab\u00a0MMA\u00a0\u00bb) de base et facultative, l\u2019assurance contre les maladies graves, l\u2019assurance invalidit\u00e9 de courte dur\u00e9e (\u00ab\u00a0ICD\u00a0\u00bb), l\u2019assurance invalidit\u00e9 de longue dur\u00e9e (\u00ab\u00a0ILD\u00a0\u00bb), l\u2019assurance maladie compl\u00e9mentaire, l\u2019assurance soins m\u00e9dicaux \u00e0 l\u2019\u00e9tranger et une protection relative aux soins dentaires.<\/p>\n<p>Mosaic\u00a0Life comprend une assurance vie temporaire d\u2019au moins 10\u00a0ans offerte \u00e0 toute personne ayant tout au plus 65\u00a0ans. Ce produit est vendu directement aux clients par l\u2019entremise d\u2019une plateforme en ligne.[\/vc_column_text][vc_column_text el_class=&#8221;blue&#8221;]<\/p>\n<h3>Capital et gestion du capital<\/h3>\n<p>[\/vc_column_text][vc_single_image image=&#8221;7194&#8243; img_size=&#8221;large&#8221; alignment=&#8221;center&#8221; css=&#8221;.vc_custom_1551745954242{margin-top: 20px !important;margin-bottom: 20px !important;}&#8221;][vc_column_text]Le capital et les ratios du capital ont \u00e9t\u00e9 d\u00e9termin\u00e9s en utilisant le cadre du TSAV du BSIF calcul\u00e9 par l\u2019actuaire ind\u00e9pendant nomm\u00e9 par First Canadian. Le TSAV est l\u2019un des principaux crit\u00e8res de mesure de la situation financi\u00e8re de l\u2019assureur et de sa capacit\u00e9 \u00e0 satisfaire les futures prestations pouvant \u00eatre vers\u00e9es aux titulaires de police et \u00e0 l\u2019\u00e9gard des obligations des cr\u00e9anciers. Le BSIF a \u00e9tabli des seuils obligatoires et prudentiels et s\u2019attend \u00e0 ce que le conseil d\u2019administration de la Soci\u00e9t\u00e9 \u00e9tablisse un seuil interne \u00e0 un niveau au-dessus du seuil prudentiel qui est le reflet de la Soci\u00e9t\u00e9 \u00e0 l\u2019\u00e9gard du risque et de la tol\u00e9rance au risque compte tenu de la taille et de la complexit\u00e9 de l\u2019assureur.<\/p>\n<p><strong>Disponibilit\u00e9 du capital\u00a0:<\/strong> Comprend le capital de cat\u00e9gorie\u00a01 constitu\u00e9 principalement d\u2019actions ordinaires et de b\u00e9n\u00e9fices non r\u00e9partis ajust\u00e9s aux fins du capital de cat\u00e9gorie\u00a02. Le capital de cat\u00e9gorie\u00a02 de First\u00a0Canadian se compose d\u2019une charge n\u00e9gative pour les actifs incorporels et d\u2019une charge positive pour les r\u00e9serves n\u00e9gatives. Des quotas exc\u00e9dentaires \u2014 principalement une provision pour \u00e9carts d\u00e9favorables contenus dans l\u2019\u00e9valuation des r\u00e9serves \u2014 sont ajout\u00e9s au capital disponible pour compl\u00e9ter le num\u00e9rateur du ratio du TSAV.<\/p>\n<p><strong>Marge de solvabilit\u00e9 de base\u00a0:<\/strong> Le capital requis est compos\u00e9 de cinq \u00e9l\u00e9ments de risque, d\u00e9crits ci-dessous; il est r\u00e9duit d\u2019un cr\u00e9dit pour la diversification, puis augment\u00e9 par la marge scalaire des Organismes de r\u00e9glementation de 5\u00a0%. L\u2019Organisme de r\u00e9glementation a \u00e9tabli le capital requis \u00e0 un niveau \u00e9gal \u00e0 une esp\u00e9rance conditionnelle unilat\u00e9rale (ECU) de 99\u00a0% sur un horizon d\u2019un\u00a0an.<\/p>\n<p><strong>Risque de march\u00e9<\/strong>\u00a0: C\u2019est le risque qui d\u00e9coule de l\u2019\u00e9volution des taux ou des prix du march\u00e9 dans divers march\u00e9s et comprend le taux d\u2019int\u00e9r\u00eat, des actions ordinaires, des actions privil\u00e9gi\u00e9es, des biens-fonds et un risque de change. Le risque de march\u00e9 de First\u00a0Canadian s\u2019inscrit dans le cadre de ses activit\u00e9s de placement. Pour aider \u00e0 att\u00e9nuer ce risque, la politique de placement de la Soci\u00e9t\u00e9 a \u00e9tabli des crit\u00e8res sp\u00e9cifiques \u00e0 la qualit\u00e9 du cr\u00e9dit et aux limites d\u2019exposition. L\u2019exc\u00e9dent de capital de la Soci\u00e9t\u00e9 est pond\u00e9r\u00e9 en actions privil\u00e9gi\u00e9es et en actions ordinaires, puis la juste valeur de ces placements est obtenue directement \u00e0 partir des conditions g\u00e9n\u00e9rales du march\u00e9.<\/p>\n<p><strong>Risque d\u2019assurance<\/strong>\u00a0: C\u2019est le risque de pertes attribuable \u00e0 la fr\u00e9quence des demandes de r\u00e8glement, \u00e0 la dur\u00e9e des prestations ou \u00e0 des versements qui exc\u00e8dent les pr\u00e9visions. Le risque d\u2019assurance de First\u00a0Canadian est sensible \u00e0 la fr\u00e9quence de cas de morbidit\u00e9 et aux d\u00e9ch\u00e9ances. La mortalit\u00e9, la morbidit\u00e9 et l\u2019exp\u00e9rience des frais de r\u00e9siliation de l\u2019assurance compl\u00e8tent l\u2019exposition au risque. L\u2019ensemble du risque d\u2019assurance est sis au Canada, alors que les polices d\u2019assurance et les protections sont de courte dur\u00e9e. La Soci\u00e9t\u00e9 utilise diverses strat\u00e9gies de r\u00e9assurance pour limiter son exposition au risque d\u2019assurance.<\/p>\n<p><strong>Risque de cr\u00e9dit\u00a0:<\/strong> C\u2019est le potentiel d\u2019une perte financi\u00e8re d\u00e9coulant de la d\u00e9faillance d\u2019une contrepartie \u00e9ventuelle ou de la d\u00e9t\u00e9rioration de la solvabilit\u00e9 d\u2019une contrepartie. Le risque de cr\u00e9dit de First\u00a0Canadian est sp\u00e9cifique \u00e0 ses cr\u00e9ances, actifs recouvrables et autres actifs o\u00f9 la contrepartie peut conna\u00eetre des difficult\u00e9s financi\u00e8res et \u00eatre incapable de s\u2019acquitter de son obligation \u00e0 \u00e9ch\u00e9ance. Pour aider \u00e0 att\u00e9nuer ce risque, la politique de pr\u00eat de la Soci\u00e9t\u00e9 a \u00e9tabli des crit\u00e8res sp\u00e9cifiques relatifs \u00e0 la qualit\u00e9 du cr\u00e9dit, aux limites d\u2019exposition et aux exigences en mati\u00e8re de caution. La Soci\u00e9t\u00e9 g\u00e8re activement ses cr\u00e9ances en souffrance.<\/p>\n<p><strong>Risque op\u00e9rationnel<\/strong>\u00a0: C\u2019est le risque de perte r\u00e9sultant du caract\u00e8re inad\u00e9quat ou de l\u2019\u00e9chec de processus ou de contr\u00f4les internes, d\u2019une erreur humaine et de la d\u00e9faillance de syst\u00e8mes ou d\u2019\u00e9v\u00e9nements externes et comprend le risque juridique, mais exclut les risques strat\u00e9giques et d\u2019atteinte \u00e0 la r\u00e9putation. Le risque op\u00e9rationnel de First\u00a0Canadian est att\u00e9nu\u00e9 par la mise en \u0153uvre de politiques et proc\u00e9dures visant cerner les risques, par le recours \u00e0 des cadres sup\u00e9rieurs comp\u00e9tents et exp\u00e9riment\u00e9s ainsi qu\u2019\u00e0 des professionnels qualifi\u00e9s, par la s\u00e9paration des t\u00e2ches entre les employ\u00e9s et au moyen d\u2019engagements avec le service d\u2019attache de l\u2019Audit interne. La haute direction est responsable de la d\u00e9finition du cadre visant \u00e0 d\u00e9terminer les risques et \u00e0 \u00e9laborer des politiques de gestion des risques. Le Conseil d\u2019administration, directement ou par l\u2019entremise de ses comit\u00e9s, examine et approuve les principales politiques et met en \u0153uvre des proc\u00e9dures sp\u00e9cifiques permettant de surveiller la conformit\u00e9 \u00e0 l\u2019\u00e9gard d\u2019importants secteurs de risque.<\/p>\n<p><strong>Cr\u00e9dit pour la diversification\u00a0: <\/strong>C\u2019est un facteur de compensation qui tient compte du regroupement des risques. Le regroupement des risques est la somme selon laquelle chaque \u00e9v\u00e9nement de risque d\u00e9favorable, consid\u00e9r\u00e9 individuellement \u00e0 part d\u2019autres risques relev\u00e9s, est corr\u00e9l\u00e9 \u00e0 l\u2019\u00e9v\u00e9nement ind\u00e9sirable. Un cr\u00e9dit de diversification s\u2019inscrit en raison de la nature non corr\u00e9l\u00e9e des risques ci-dessus, de la diversit\u00e9 des activit\u00e9s de la Soci\u00e9t\u00e9 et de la large r\u00e9partition g\u00e9ographique des titulaires de police de la Soci\u00e9t\u00e9.<\/p>\n<p><strong>Ajustement scalaire de l\u2019Organisme de r\u00e9glementation<\/strong>\u00a0: Tel que d\u00e9termin\u00e9 par le BSIF, un ajustement scalaire de 5\u00a0% est appliqu\u00e9 \u00e0 la somme des risques relev\u00e9s ci-dessus, moins le cr\u00e9dit pour la diversification.<\/p>\n<p>&nbsp;<\/p>\n<p>Un compl\u00e9ment d\u2019information sur le TSAV se trouve sur le site Web du BSIF, Ligne directrice \u00ab\u00a0A\u00a0\u00bb, Test de suffisance du capital des soci\u00e9t\u00e9s d\u2019assurance-vie\u00a0:<\/p>\n<p><a href=\"http:\/\/www.osfi-bsif.gc.ca\/fra\/fi-if\/rg-ro\/gdn-ort\/gl-ld\/pages\/licat19_index.aspx\">http:\/\/www.osfi-bsif.gc.ca\/fra\/fi-if\/rg-ro\/gdn-ort\/gl-ld\/pages\/licat19_index.aspx<\/a>[\/vc_column_text][\/vc_column][vc_column width=&#8221;1\/6&#8243;][\/vc_column][\/vc_row]<\/p>\n<\/div>","protected":false},"excerpt":{"rendered":"<p>[vc_row parallax=&#8221;content-moving&#8221; css_animation=&#8221;fadeIn&#8221; css=&#8221;.vc_custom_1528220948677{padding-top: 60px !important;padding-bottom: 100px !important;background-color: #eeeeee !important;}&#8221; el_class=&#8221;notfull&#8221;][vc_column][vc_column_text el_class=&#8221;blue&#8221;] Divulgations r\u00e8glementaires [\/vc_column_text][\/vc_column][\/vc_row][vc_row css=&#8221;.vc_custom_1526340112704{margin-bottom: 100px !important;}&#8221;][vc_column width=&#8221;1\/6&#8243;][\/vc_column][vc_column width=&#8221;2\/3&#8243; el_class=&#8221;blue&#8221;][vc_column_text css=&#8221;.vc_custom_1551746574397{margin-bottom: 35px !important;}&#8221;] TEST DE SUFFISANCE DU CAPITAL DES SOCI\u00c9T\u00c9S D\u2019ASSURANCE-VIE (TSAV) \u2014 COMMUNICATION PUBLIQUE Pour la p\u00e9riode se terminant le 31\u00a0d\u00e9cembre\u00a02018 [\/vc_column_text][vc_column_text] Divulgations r\u00e8glementaires [\/vc_column_text][vc_raw_html css=&#8221;.vc_custom_1551829771738{margin-top: 20px !important;margin-bottom: 20px !important;}&#8221;]JTNDZGl2JTIwY2xhc3MlM0QlMjJ2Y19yb3clMjIlM0UlMEElMjAlMjAlMjAlMjAlM0NkaXYlMjBjbGFzcyUzRCUyMndwYl9jb2x1bW4lMjB2Y19jb2x1bW5fY29udGFpbmVyJTIwdmNfY29sLXNtLTYlMjB2Y19jb2wtbWQtNCUyMHZjX2NvbC1sZy0zJTIyJTNFJTBBJTIwJTIwJTIwJTIwJTNDYSUyMGhyZWYlM0QlMjIlMkZ3cC1jb250ZW50JTJGdXBsb2FkcyUyRjIwMTklMkYwMyUyRkxJQ0FULTMxLURlYy0yMDE4LVB1YmxpYy1EaXNjbG9zdXJlLVJlcG9ydC1GQ0lDX0ZSLnYyLnBkZiUyMiUyMHRhcmdldCUzRCUyMl9ibGFuayUyMiUzRSUwQSUyMCUyMCUyMCUyMCUyMCUyMCUyMCUyMCUzQ2RpdiUyMGNsYXNzJTNEJTIyYnRuX3llbGxvdyUyMiUzRVQlQzMlQTlsJUMzJUE5Y2hhcmdlciUyMGxlJTIwcGRmJTNDJTJGZGl2JTNFJTBBJTIwJTIwJTIwJTIwJTNDJTJGYSUzRSUwQSUyMCUyMCUyMCUyMCUzQyUyRmRpdiUzRSUwQSUzQyUyRmRpdiUzRQ==[\/vc_raw_html][vc_column_text]Le Bureau du surintendant des institutions financi\u00e8res (BSIF) d\u00e9finit les attentes en mati\u00e8re de divulgation publique de la position de l\u2019assureur en termes de capital, de risque et de situation financi\u00e8re. Le principal organisme de r\u00e9glementation de La Corporation d\u2019assurance First Canadian (First\u00a0Canadian ou la Soci\u00e9t\u00e9) est le bureau du surintendant des institutions financi\u00e8res de l\u2019Alberta (Alberta Superintendent of Financial Institutions) qui a adopt\u00e9<\/p>\n","protected":false},"author":2,"featured_media":0,"parent":0,"menu_order":0,"comment_status":"closed","ping_status":"closed","template":"templates\/fullpage-aether.php","meta":{"footnotes":""},"class_list":["post-7148","page","type-page","status-publish","hentry"],"translation":{"provider":"WPGlobus","version":"3.0.2","language":"fr","enabled_languages":["en","fr"],"languages":{"en":{"title":true,"content":true,"excerpt":false},"fr":{"title":true,"content":true,"excerpt":false}}},"yoast_head":"<!-- This site is optimized with the Yoast SEO plugin v26.9 - https:\/\/yoast.com\/product\/yoast-seo-wordpress\/ -->\n<title>Divulgations r\u00e8glementaires - First Canadian Financial Group<\/title>\n<meta name=\"robots\" content=\"index, follow, max-snippet:-1, max-image-preview:large, max-video-preview:-1\" \/>\n<link rel=\"canonical\" href=\"https:\/\/home.firstcanadian.ca\/regulatory-disclosures\/\" \/>\n<meta property=\"og:locale\" content=\"fr_FR\" \/>\n<meta property=\"og:type\" content=\"article\" \/>\n<meta property=\"og:title\" content=\"Divulgations r\u00e8glementaires - First Canadian Financial Group\" \/>\n<meta property=\"og:url\" content=\"https:\/\/home.firstcanadian.ca\/regulatory-disclosures\/\" \/>\n<meta property=\"og:site_name\" content=\"First Canadian Financial Group\" \/>\n<meta property=\"article:modified_time\" content=\"2019-03-05T23:51:45+00:00\" \/>\n<meta name=\"twitter:card\" content=\"summary_large_image\" \/>\n<meta name=\"twitter:label1\" content=\"Est. reading time\" \/>\n\t<meta name=\"twitter:data1\" content=\"14 minutes\" \/>\n<script type=\"application\/ld+json\" class=\"yoast-schema-graph\">{\"@context\":\"https:\/\/schema.org\",\"@graph\":[{\"@type\":\"WebPage\",\"@id\":\"https:\/\/home.firstcanadian.ca\/regulatory-disclosures\/\",\"url\":\"https:\/\/home.firstcanadian.ca\/regulatory-disclosures\/\",\"name\":\"Divulgations r\u00e8glementaires - First Canadian Financial Group\",\"isPartOf\":{\"@id\":\"https:\/\/home.firstcanadian.ca\/#website\"},\"datePublished\":\"2019-03-01T20:29:47+00:00\",\"dateModified\":\"2019-03-05T23:51:45+00:00\",\"breadcrumb\":{\"@id\":\"https:\/\/home.firstcanadian.ca\/regulatory-disclosures\/#breadcrumb\"},\"inLanguage\":\"fr-FR\",\"potentialAction\":[{\"@type\":\"ReadAction\",\"target\":[\"https:\/\/home.firstcanadian.ca\/regulatory-disclosures\/\"]}]},{\"@type\":\"BreadcrumbList\",\"@id\":\"https:\/\/home.firstcanadian.ca\/regulatory-disclosures\/#breadcrumb\",\"itemListElement\":[{\"@type\":\"ListItem\",\"position\":1,\"name\":\"Home\",\"item\":\"https:\/\/home.firstcanadian.ca\/\"},{\"@type\":\"ListItem\",\"position\":2,\"name\":\"Regulatory Disclosures\"}]},{\"@type\":\"WebSite\",\"@id\":\"https:\/\/home.firstcanadian.ca\/#website\",\"url\":\"https:\/\/home.firstcanadian.ca\/\",\"name\":\"First Canadian Financial Group\",\"description\":\"Protecting Canadians since 1988\",\"potentialAction\":[{\"@type\":\"SearchAction\",\"target\":{\"@type\":\"EntryPoint\",\"urlTemplate\":\"https:\/\/home.firstcanadian.ca\/?s={search_term_string}\"},\"query-input\":{\"@type\":\"PropertyValueSpecification\",\"valueRequired\":true,\"valueName\":\"search_term_string\"}}],\"inLanguage\":\"fr-FR\"}]}<\/script>\n<!-- \/ Yoast SEO plugin. -->","yoast_head_json":{"title":"Divulgations r\u00e8glementaires - First Canadian Financial Group","robots":{"index":"index","follow":"follow","max-snippet":"max-snippet:-1","max-image-preview":"max-image-preview:large","max-video-preview":"max-video-preview:-1"},"canonical":"https:\/\/home.firstcanadian.ca\/regulatory-disclosures\/","og_locale":"fr_FR","og_type":"article","og_title":"Divulgations r\u00e8glementaires - First Canadian Financial Group","og_url":"https:\/\/home.firstcanadian.ca\/regulatory-disclosures\/","og_site_name":"First Canadian Financial Group","article_modified_time":"2019-03-05T23:51:45+00:00","twitter_card":"summary_large_image","twitter_misc":{"Est. reading time":"14 minutes"},"schema":{"@context":"https:\/\/schema.org","@graph":[{"@type":"WebPage","@id":"https:\/\/home.firstcanadian.ca\/regulatory-disclosures\/","url":"https:\/\/home.firstcanadian.ca\/regulatory-disclosures\/","name":"Divulgations r\u00e8glementaires - First Canadian Financial Group","isPartOf":{"@id":"https:\/\/home.firstcanadian.ca\/#website"},"datePublished":"2019-03-01T20:29:47+00:00","dateModified":"2019-03-05T23:51:45+00:00","breadcrumb":{"@id":"https:\/\/home.firstcanadian.ca\/regulatory-disclosures\/#breadcrumb"},"inLanguage":"fr-FR","potentialAction":[{"@type":"ReadAction","target":["https:\/\/home.firstcanadian.ca\/regulatory-disclosures\/"]}]},{"@type":"BreadcrumbList","@id":"https:\/\/home.firstcanadian.ca\/regulatory-disclosures\/#breadcrumb","itemListElement":[{"@type":"ListItem","position":1,"name":"Home","item":"https:\/\/home.firstcanadian.ca\/"},{"@type":"ListItem","position":2,"name":"Regulatory Disclosures"}]},{"@type":"WebSite","@id":"https:\/\/home.firstcanadian.ca\/#website","url":"https:\/\/home.firstcanadian.ca\/","name":"First Canadian Financial Group","description":"Protecting Canadians since 1988","potentialAction":[{"@type":"SearchAction","target":{"@type":"EntryPoint","urlTemplate":"https:\/\/home.firstcanadian.ca\/?s={search_term_string}"},"query-input":{"@type":"PropertyValueSpecification","valueRequired":true,"valueName":"search_term_string"}}],"inLanguage":"fr-FR"}]}},"_links":{"self":[{"href":"https:\/\/home.firstcanadian.ca\/fr\/wp-json\/wp\/v2\/pages\/7148","targetHints":{"allow":["GET"]}}],"collection":[{"href":"https:\/\/home.firstcanadian.ca\/fr\/wp-json\/wp\/v2\/pages"}],"about":[{"href":"https:\/\/home.firstcanadian.ca\/fr\/wp-json\/wp\/v2\/types\/page"}],"author":[{"embeddable":true,"href":"https:\/\/home.firstcanadian.ca\/fr\/wp-json\/wp\/v2\/users\/2"}],"replies":[{"embeddable":true,"href":"https:\/\/home.firstcanadian.ca\/fr\/wp-json\/wp\/v2\/comments?post=7148"}],"version-history":[{"count":16,"href":"https:\/\/home.firstcanadian.ca\/fr\/wp-json\/wp\/v2\/pages\/7148\/revisions"}],"predecessor-version":[{"id":7151,"href":"https:\/\/home.firstcanadian.ca\/fr\/wp-json\/wp\/v2\/pages\/7148\/revisions\/7151"}],"wp:attachment":[{"href":"https:\/\/home.firstcanadian.ca\/fr\/wp-json\/wp\/v2\/media?parent=7148"}],"curies":[{"name":"wp","href":"https:\/\/api.w.org\/{rel}","templated":true}]}}