{"id":50966,"date":"2026-02-05T10:51:40","date_gmt":"2026-02-05T17:51:40","guid":{"rendered":"https:\/\/home.firstcanadian.ca\/?page_id=50966"},"modified":"2026-03-11T14:16:20","modified_gmt":"2026-03-11T20:16:20","slug":"group-benefits-terms-and-conditions","status":"publish","type":"page","link":"https:\/\/home.firstcanadian.ca\/fr\/group-benefits-terms-and-conditions\/","title":{"rendered":"Avantages sociaux \u2013 Conditions g\u00e9n\u00e9rales"},"content":{"rendered":"<div class=\"wpb-content-wrapper\"><p>[vc_row el_class=&#8221;notfull&#8221; css=&#8221;.vc_custom_1772646221441{padding-top: 60px !important;padding-bottom: 100px !important;background-color: #EEEEEE !important;}&#8221;][vc_column][vc_column_text el_class=&#8221;blue&#8221;]<\/p>\n<h1 style=\"text-align: center;\">Avantages sociaux \u2013 Conditions g\u00e9n\u00e9rales<\/h1>\n<p>[\/vc_column_text][\/vc_column][\/vc_row][vc_row css=&#8221;.vc_custom_1772640810421{margin-bottom: 100px !important;}&#8221;][vc_column width=&#8221;1\/6&#8243;][\/vc_column][vc_column width=&#8221;2\/3&#8243;][vc_raw_html]JTNDZGl2JTIwY2xhc3MlM0QlMjJ2Y19yb3clMjIlM0UlMEElMjAlMjAlMjAlMjAlM0NkaXYlMjBjbGFzcyUzRCUyMndwYl9jb2x1bW4lMjB2Y19jb2x1bW5fY29udGFpbmVyJTIwdmNfY29sLXNtLTYlMjB2Y19jb2wtbWQtNCUyMHZjX2NvbC1sZy0zJTIyJTNFJTBBJTIwJTIwJTIwJTIwJTNDYSUyMGhyZWYlM0QlMjJodHRwcyUzQSUyRiUyRmhvbWUuZmlyc3RjYW5hZGlhbi5jYSUyRndwLWNvbnRlbnQlMkZ1cGxvYWRzJTJGMjAyNiUyRjAzJTJGRkNJQy1HQi1UZXJtcy1hbmQtQ29uZGl0aW9uc19GUl9IaWdoLVJlcy5wZGYlMjIlMjB0YXJnZXQlM0QlMjJfYmxhbmslMjIlM0UlMEElMjAlMjAlMjAlMjAlMjAlMjAlMjAlMjAlM0NkaXYlMjBjbGFzcyUzRCUyMmJ0bl95ZWxsb3clMjIlM0VUJUMzJUE5bCVDMyVBOWNoYXJnZXIlMjBsYSUyMHZlcnNpb24lMjBQREYlMEElMjAlMjAlMjAlMjAlMjAlMjAlMjAlMjAlM0MlMkZkaXYlM0UlMEElMjAlMjAlMjAlMjAlM0MlMkZhJTNFJTBBJTIwJTIwJTIwJTIwJTNDJTJGZGl2JTNFJTBBJTNDJTJGZGl2JTNF[\/vc_raw_html][vc_column_text css=&#8221;&#8221;]<\/p>\n<p class=\"p1\">Les pr\u00e9sentes conditions g\u00e9n\u00e9rales (\u00ab modalit\u00e9s \u00bb) r\u00e9gissent votre acc\u00e8s et votre utilisation du portail Web et de l\u2019application (\u00ab services \u00bb) fournis par la Corporation d\u2019assurance First Canadian. En acc\u00e9dant ou en utilisant notre application Web ou mobile (collectivement appel\u00e9es \u00ab services en ligne \u00bb), vous acceptez d\u2019\u00eatre li\u00e9 par les pr\u00e9sentes modalit\u00e9s et par toutes les lois et r\u00e9glementations canadiennes applicables. Si vous n\u2019\u00eates pas d\u2019accord avec une partie quelconque des pr\u00e9sentes modalit\u00e9s, vous ne devez pas utiliser ou acc\u00e9der aux services.<\/p>\n<h4 class=\"p1\"><b>Enregistrement et s\u00e9curit\u00e9 du compte<\/b><\/h4>\n<p class=\"p1\">Pour acc\u00e9der \u00e0 certaines fonctionnalit\u00e9s des services en ligne, vous devrez cr\u00e9er un compte. Vous \u00eates responsable du maintien de la confidentialit\u00e9 de vos identifiants de compte et de toutes les activit\u00e9s men\u00e9es sous votre compte. Veuillez informer imm\u00e9diatement la Corporation d\u2019assurance First Canadian si vous constatez une utilisation non autoris\u00e9e ou une violation de la s\u00e9curit\u00e9 li\u00e9e \u00e0 votre compte.<\/p>\n<h4 class=\"p1\"><b>Utilisation des services<\/b><\/h4>\n<p class=\"p1\"><b>Licence limit\u00e9e<\/b><\/p>\n<p class=\"p2\">Sous r\u00e9serve du respect des pr\u00e9sentes modalit\u00e9s, la Corporation d\u2019assurance First Canadian vous accorde une licence limit\u00e9e, non exclusive et non transf\u00e9rable vous permettant d\u2019imprimer, de t\u00e9l\u00e9charger et d\u2019obtenir de toute autre mani\u00e8re des documents provenant de nos services en ligne, uniquement \u00e0 des fins personnelles et pour mener des activit\u00e9s commerciales avec nous. Vous ne pouvez pas utiliser ces documents \u00e0 des fins commerciales autres que celles li\u00e9es \u00e0 la Corporation d\u2019assurance First Canadian, ni modifier, redistribuer ou cr\u00e9er des \u0153uvres d\u00e9riv\u00e9es \u00e0 partir de leur contenu sans notre consentement \u00e9crit pr\u00e9alable.<\/p>\n<p class=\"p2\">Vous ne pouvez utiliser les services en ligne qu\u2019\u00e0 des fins l\u00e9gales et conform\u00e9ment aux pr\u00e9sentes modalit\u00e9s. Vous acceptez de ne pas utiliser les services de mani\u00e8re abusive et de ne pas aider quiconque \u00e0 le faire. Toute utilisation non autoris\u00e9e peut entra\u00eener la fin de votre acc\u00e8s aux services par la Corporation d\u2019assurance First Canadian.<\/p>\n<p class=\"p1\"><b>Propri\u00e9t\u00e9 intellectuelle<\/b><\/p>\n<p class=\"p2\">Tout le contenu, les caract\u00e9ristiques et les fonctionnalit\u00e9s mis \u00e0 disposition par le biais des services en ligne sont la propri\u00e9t\u00e9 exclusive de la Corporation d\u2019assurance First Canadian ou de ses conc\u00e9dants de licence, et sont prot\u00e9g\u00e9s par les lois canadiennes et internationales sur les droits d\u2019auteur, les marques de commerce et autres lois sur la propri\u00e9t\u00e9 intellectuelle. Vous ne pouvez pas copier, modifier, distribuer ou reproduire tout mat\u00e9riel provenant des services sans le consentement \u00e9crit pr\u00e9alable de la Corporation d\u2019assurance First Canadian.<\/p>\n<p class=\"p1\"><b>Protection de la vie priv\u00e9e<\/b><\/p>\n<p class=\"p2\">Votre utilisation des services est \u00e9galement r\u00e9gie par la politique de protection de la vie priv\u00e9e de la Corporation d\u2019assurance First Canadian, qui d\u00e9crit la mani\u00e8re dont nous collectons, utilisons et prot\u00e9geons vos renseignements personnels. Notre politique de protection de la vie priv\u00e9e est disponible ici (<a href=\"https:\/\/home.firstcanadian.ca\/fr\/fc-benefits-privacy-policy\/\">https:\/\/home.firstcanadian.ca\/fr\/fc-benefits-privacy-policy\/<\/a>). Veuillez la lire attentivement.<\/p>\n<p class=\"p1\"><b>Limitation de responsabilit\u00e9<\/b><\/p>\n<p class=\"p2\">Les services sont fournis \u00ab tels quels \u00bb et \u00ab tels que disponibles \u00bb, sans garantie d\u2019aucune sorte. La Corporation d\u2019assurance First Canadian n\u2019est pas responsable des dommages r\u00e9sultant de votre utilisation ou de votre incapacit\u00e9 \u00e0 utiliser les services en ligne, incluant, mais sans s\u2019y limiter, les dommages directs, indirects, accessoires ou cons\u00e9cutifs.<\/p>\n<p class=\"p1\"><b>Modifications<\/b><\/p>\n<p class=\"p2\">La Corporation d\u2019assurance First Canadian se r\u00e9serve le droit de r\u00e9viser les pr\u00e9sentes modalit\u00e9s \u00e0 tout moment sans pr\u00e9avis. Les modifications entreront en vigueur d\u00e8s leur publication sur le portail ou l\u2019application Web. Votre utilisation continue des services en ligne apr\u00e8s toute modification constitue votre acceptation des modalit\u00e9s r\u00e9vis\u00e9es.<\/p>\n<p class=\"p1\"><b>Loi applicable<\/b><\/p>\n<p class=\"p2\">Les pr\u00e9sentes modalit\u00e9s sont r\u00e9gies et interpr\u00e9t\u00e9es conform\u00e9ment aux lois du Canada et de la province ou du territoire o\u00f9 vous r\u00e9sidez, sans \u00e9gard \u00e0 ses dispositions en mati\u00e8re de conflit de lois.<\/p>\n<p class=\"p1\"><b>Avis g\u00e9n\u00e9ral<\/b><\/p>\n<p class=\"p2\">Bien que nous nous efforcions de garantir la fiabilit\u00e9 et l\u2019exactitude de tous les renseignements pr\u00e9sent\u00e9s par le biais des services en ligne, nous ne pouvons garantir l\u2019exhaustivit\u00e9, l\u2019actualit\u00e9 ou l\u2019exactitude absolue de tout contenu. En cas de divergence entre les renseignements affich\u00e9s en ligne et les dossiers conserv\u00e9s par la Corporation d\u2019assurance First Canadian, les renseignements figurant dans nos dossiers officiels pr\u00e9vaudront.<\/p>\n<p class=\"p2\">Nous ne garantissons pas que votre acc\u00e8s aux services en ligne sera ininterrompu ou exempt de probl\u00e8mes techniques, notamment de compatibilit\u00e9 avec les navigateurs ou d\u2019autres perturbations. Vous reconnaissez et acceptez que ni la Corporation d\u2019assurance First Canadian ni aucun tiers ne sera responsable de toute perte de donn\u00e9es ou de votre incapacit\u00e9 \u00e0 acc\u00e9der aux services en ligne ou \u00e0 les utiliser.<\/p>\n<p class=\"p1\"><b>Coordonn\u00e9es<\/b><\/p>\n<p class=\"p2\">Pour toute question concernant les pr\u00e9sentes modalit\u00e9s ou les services en ligne, veuillez contacter la Corporation d\u2019assurance First Canadian \u00e0 l\u2019adresse ci-dessous :<\/p>\n<p class=\"p2\">Corporation d\u2019assurance First Canadian<\/p>\n<p class=\"p2\">320 Sioux Road, Sherwood Park, AB T8A 3X6<\/p>\n<p class=\"p2\">Canada<\/p>\n<p>[\/vc_column_text][\/vc_column][vc_column width=&#8221;1\/6&#8243;][\/vc_column][\/vc_row][vc_row][vc_column]<script type=\"text\/javascript\">\n\t\t\t\t(function($){\n\t\t\t\t\t$(document).ready(function(){\n\t\t\t\t\t\tvar selector = \"#prior-disclosure\";\n\t\t\t\t\t\t$(selector).addClass(\"custom-ult-modal overlay-show\");\n\t\t\t\t\t\t$(selector).attr(\"data-class-id\", \"content-69e1a8b3d2df0\");\n\t\t\t\t\t\t$(selector).attr(\"data-overlay-class\", \"overlay-cornerbottomleft\");\n\t\t\t\t\t});\n\t\t\t\t})(jQuery);\n\t\t\t\t<\/script>\n<div class=\"ult-overlay content-69e1a8b3d2df0 \" data-class=\"content-69e1a8b3d2df0\" id=\"button-click-overlay\" style=\"background:rgba(51,51,51,0.8); display:none;\">\n\t<div class=\"ult_modal ult-fade ult-small\">\n\t\t<div class=\"ult_modal-content\" style=\"\">\n\t\t\t<div class=\"ult_modal-header\" style=\"color:#333333;\">\n\t\t\t\t<h3 class=\"ult_modal-title\">Divulgations r\u00e8glementaires<\/h3>\n\t\t\t<\/div>\n\t\t\t<div class=\"ult_modal-body ult-html\" style=\"\">\n\t\t\t<a href=\"https:\/\/home.firstcanadian.ca\/wp-content\/uploads\/2026\/03\/LICAT-Public-Disclosure-2025_FR.pdf\" target=\"_blank\" rel=\"noopener noreferrer\">Divulgation publique du LICAT 2025<\/a><\/p>\n<p><a href=\"https:\/\/home.firstcanadian.ca\/wp-content\/uploads\/2025\/03\/LICAT-Public-Disclosure-2024-FR.pdf\" target=\"_blank\" rel=\"noopener noreferrer\">Divulgation publique du LICAT 2024<\/a><\/p>\n<p><a href=\"https:\/\/home.firstcanadian.ca\/wp-content\/uploads\/2024\/03\/LICAT-Public-Disclosure-2023-new-format-DRAFT_FR.pdf\" target=\"_blank\" rel=\"noopener noreferrer\">Divulgation publique du LICAT 2023<\/a><\/p>\n<p><a href=\"https:\/\/home.firstcanadian.ca\/wp-content\/uploads\/2023\/03\/LICAT-Public-Disclosure-2022_FR.pdf\" target=\"_blank\" rel=\"noopener noreferrer\">Divulgation publique du LICAT 2022<\/a><\/p>\n<p><a href=\"\/wp-content\/uploads\/2022\/03\/LICAT-Public-Disclosure-2021_FR.pdf\" target=\"_blank\" rel=\"noopener noreferrer\">Divulgation publique du LICAT 2021<\/a><\/p>\n<p><a href=\"\/wp-content\/uploads\/2021\/04\/LICAT-Public-Disclosure-FCIC-2020-FR.pdf\" target=\"_blank\" rel=\"noopener noreferrer\">Divulgation publique du LICAT 2020<\/a><\/p>\n<p><a href=\"\/wp-content\/uploads\/2020\/03\/FR_2019-LICAT-Plublic-Disclosure.pdf\" target=\"_blank\" rel=\"noopener noreferrer\">Divulgation publique du LICAT 2019<\/a><\/p>\n<p><a href=\"\/fr\/regulatory-disclosures\/\" target=\"_blank\" rel=\"noopener noreferrer\">Divulgation publique du LICAT 2018<\/a>\n\t\t\t<\/div>\n\t<\/div>\n\t<\/div>\n\t<div class=\"ult-overlay-close\">Close<\/div>\n<\/div>[\/vc_column][\/vc_row]<\/p>\n<\/div>","protected":false},"excerpt":{"rendered":"<p>[vc_row el_class=&#8221;notfull&#8221; css=&#8221;.vc_custom_1772646221441{padding-top: 60px !important;padding-bottom: 100px !important;background-color: #EEEEEE !important;}&#8221;][vc_column][vc_column_text el_class=&#8221;blue&#8221;] Avantages sociaux \u2013 Conditions g\u00e9n\u00e9rales [\/vc_column_text][\/vc_column][\/vc_row][vc_row css=&#8221;.vc_custom_1772640810421{margin-bottom: 100px !important;}&#8221;][vc_column width=&#8221;1\/6&#8243;][\/vc_column][vc_column width=&#8221;2\/3&#8243;][vc_raw_html]JTNDZGl2JTIwY2xhc3MlM0QlMjJ2Y19yb3clMjIlM0UlMEElMjAlMjAlMjAlMjAlM0NkaXYlMjBjbGFzcyUzRCUyMndwYl9jb2x1bW4lMjB2Y19jb2x1bW5fY29udGFpbmVyJTIwdmNfY29sLXNtLTYlMjB2Y19jb2wtbWQtNCUyMHZjX2NvbC1sZy0zJTIyJTNFJTBBJTIwJTIwJTIwJTIwJTNDYSUyMGhyZWYlM0QlMjJodHRwcyUzQSUyRiUyRmhvbWUuZmlyc3RjYW5hZGlhbi5jYSUyRndwLWNvbnRlbnQlMkZ1cGxvYWRzJTJGMjAyNiUyRjAzJTJGRkNJQy1HQi1UZXJtcy1hbmQtQ29uZGl0aW9uc19GUl9IaWdoLVJlcy5wZGYlMjIlMjB0YXJnZXQlM0QlMjJfYmxhbmslMjIlM0UlMEElMjAlMjAlMjAlMjAlMjAlMjAlMjAlMjAlM0NkaXYlMjBjbGFzcyUzRCUyMmJ0bl95ZWxsb3clMjIlM0VUJUMzJUE5bCVDMyVBOWNoYXJnZXIlMjBsYSUyMHZlcnNpb24lMjBQREYlMEElMjAlMjAlMjAlMjAlMjAlMjAlMjAlMjAlM0MlMkZkaXYlM0UlMEElMjAlMjAlMjAlMjAlM0MlMkZhJTNFJTBBJTIwJTIwJTIwJTIwJTNDJTJGZGl2JTNFJTBBJTNDJTJGZGl2JTNF[\/vc_raw_html][vc_column_text css=&#8221;&#8221;] Les pr\u00e9sentes conditions g\u00e9n\u00e9rales (\u00ab modalit\u00e9s \u00bb) r\u00e9gissent votre acc\u00e8s et votre utilisation du portail Web et de l\u2019application (\u00ab services \u00bb) fournis par la Corporation d\u2019assurance First Canadian. En acc\u00e9dant ou en utilisant notre application Web ou mobile (collectivement appel\u00e9es \u00ab services en ligne \u00bb), vous acceptez d\u2019\u00eatre li\u00e9 par les pr\u00e9sentes modalit\u00e9s et par toutes les lois et r\u00e9glementations canadiennes applicables. Si vous n\u2019\u00eates pas d\u2019accord avec une partie quelconque des pr\u00e9sentes modalit\u00e9s, vous ne devez pas utiliser ou acc\u00e9der aux services. Enregistrement et s\u00e9curit\u00e9 du compte Pour acc\u00e9der \u00e0 certaines<\/p>\n","protected":false},"author":2,"featured_media":0,"parent":0,"menu_order":0,"comment_status":"closed","ping_status":"closed","template":"templates\/fullpage-aether.php","meta":{"footnotes":""},"class_list":["post-50966","page","type-page","status-publish","hentry"],"translation":{"provider":"WPGlobus","version":"3.0.2","language":"fr","enabled_languages":["en","fr"],"languages":{"en":{"title":true,"content":true,"excerpt":false},"fr":{"title":true,"content":true,"excerpt":false}}},"yoast_head":"<!-- This site is optimized with the Yoast SEO plugin v26.9 - https:\/\/yoast.com\/product\/yoast-seo-wordpress\/ -->\n<title>Avantages sociaux \u2013 Conditions g\u00e9n\u00e9rales - First Canadian Financial Group<\/title>\n<meta name=\"robots\" content=\"index, follow, max-snippet:-1, max-image-preview:large, max-video-preview:-1\" \/>\n<link rel=\"canonical\" href=\"https:\/\/home.firstcanadian.ca\/group-benefits-terms-and-conditions\/\" \/>\n<meta property=\"og:locale\" content=\"fr_FR\" \/>\n<meta property=\"og:type\" content=\"article\" \/>\n<meta property=\"og:title\" content=\"Avantages sociaux \u2013 Conditions g\u00e9n\u00e9rales - First Canadian Financial Group\" \/>\n<meta property=\"og:url\" content=\"https:\/\/home.firstcanadian.ca\/group-benefits-terms-and-conditions\/\" \/>\n<meta property=\"og:site_name\" content=\"First Canadian Financial Group\" \/>\n<meta property=\"article:modified_time\" content=\"2026-03-11T20:16:20+00:00\" \/>\n<meta name=\"twitter:card\" content=\"summary_large_image\" \/>\n<meta name=\"twitter:label1\" content=\"Est. reading time\" \/>\n\t<meta name=\"twitter:data1\" content=\"4 minutes\" \/>\n<script type=\"application\/ld+json\" class=\"yoast-schema-graph\">{\"@context\":\"https:\/\/schema.org\",\"@graph\":[{\"@type\":\"WebPage\",\"@id\":\"https:\/\/home.firstcanadian.ca\/group-benefits-terms-and-conditions\/\",\"url\":\"https:\/\/home.firstcanadian.ca\/group-benefits-terms-and-conditions\/\",\"name\":\"Avantages sociaux \u2013 Conditions g\u00e9n\u00e9rales - First Canadian Financial Group\",\"isPartOf\":{\"@id\":\"https:\/\/home.firstcanadian.ca\/#website\"},\"datePublished\":\"2026-02-05T17:51:40+00:00\",\"dateModified\":\"2026-03-11T20:16:20+00:00\",\"breadcrumb\":{\"@id\":\"https:\/\/home.firstcanadian.ca\/group-benefits-terms-and-conditions\/#breadcrumb\"},\"inLanguage\":\"fr-FR\",\"potentialAction\":[{\"@type\":\"ReadAction\",\"target\":[\"https:\/\/home.firstcanadian.ca\/group-benefits-terms-and-conditions\/\"]}]},{\"@type\":\"BreadcrumbList\",\"@id\":\"https:\/\/home.firstcanadian.ca\/group-benefits-terms-and-conditions\/#breadcrumb\",\"itemListElement\":[{\"@type\":\"ListItem\",\"position\":1,\"name\":\"Home\",\"item\":\"https:\/\/home.firstcanadian.ca\/\"},{\"@type\":\"ListItem\",\"position\":2,\"name\":\"Group Benefits Terms and Conditions\"}]},{\"@type\":\"WebSite\",\"@id\":\"https:\/\/home.firstcanadian.ca\/#website\",\"url\":\"https:\/\/home.firstcanadian.ca\/\",\"name\":\"First Canadian Financial Group\",\"description\":\"Protecting Canadians since 1988\",\"potentialAction\":[{\"@type\":\"SearchAction\",\"target\":{\"@type\":\"EntryPoint\",\"urlTemplate\":\"https:\/\/home.firstcanadian.ca\/?s={search_term_string}\"},\"query-input\":{\"@type\":\"PropertyValueSpecification\",\"valueRequired\":true,\"valueName\":\"search_term_string\"}}],\"inLanguage\":\"fr-FR\"}]}<\/script>\n<!-- \/ Yoast SEO plugin. -->","yoast_head_json":{"title":"Avantages sociaux \u2013 Conditions g\u00e9n\u00e9rales - First Canadian Financial Group","robots":{"index":"index","follow":"follow","max-snippet":"max-snippet:-1","max-image-preview":"max-image-preview:large","max-video-preview":"max-video-preview:-1"},"canonical":"https:\/\/home.firstcanadian.ca\/group-benefits-terms-and-conditions\/","og_locale":"fr_FR","og_type":"article","og_title":"Avantages sociaux \u2013 Conditions g\u00e9n\u00e9rales - First Canadian Financial Group","og_url":"https:\/\/home.firstcanadian.ca\/group-benefits-terms-and-conditions\/","og_site_name":"First Canadian Financial Group","article_modified_time":"2026-03-11T20:16:20+00:00","twitter_card":"summary_large_image","twitter_misc":{"Est. reading time":"4 minutes"},"schema":{"@context":"https:\/\/schema.org","@graph":[{"@type":"WebPage","@id":"https:\/\/home.firstcanadian.ca\/group-benefits-terms-and-conditions\/","url":"https:\/\/home.firstcanadian.ca\/group-benefits-terms-and-conditions\/","name":"Avantages sociaux \u2013 Conditions g\u00e9n\u00e9rales - First Canadian Financial Group","isPartOf":{"@id":"https:\/\/home.firstcanadian.ca\/#website"},"datePublished":"2026-02-05T17:51:40+00:00","dateModified":"2026-03-11T20:16:20+00:00","breadcrumb":{"@id":"https:\/\/home.firstcanadian.ca\/group-benefits-terms-and-conditions\/#breadcrumb"},"inLanguage":"fr-FR","potentialAction":[{"@type":"ReadAction","target":["https:\/\/home.firstcanadian.ca\/group-benefits-terms-and-conditions\/"]}]},{"@type":"BreadcrumbList","@id":"https:\/\/home.firstcanadian.ca\/group-benefits-terms-and-conditions\/#breadcrumb","itemListElement":[{"@type":"ListItem","position":1,"name":"Home","item":"https:\/\/home.firstcanadian.ca\/"},{"@type":"ListItem","position":2,"name":"Group Benefits Terms and Conditions"}]},{"@type":"WebSite","@id":"https:\/\/home.firstcanadian.ca\/#website","url":"https:\/\/home.firstcanadian.ca\/","name":"First Canadian Financial Group","description":"Protecting Canadians since 1988","potentialAction":[{"@type":"SearchAction","target":{"@type":"EntryPoint","urlTemplate":"https:\/\/home.firstcanadian.ca\/?s={search_term_string}"},"query-input":{"@type":"PropertyValueSpecification","valueRequired":true,"valueName":"search_term_string"}}],"inLanguage":"fr-FR"}]}},"_links":{"self":[{"href":"https:\/\/home.firstcanadian.ca\/fr\/wp-json\/wp\/v2\/pages\/50966","targetHints":{"allow":["GET"]}}],"collection":[{"href":"https:\/\/home.firstcanadian.ca\/fr\/wp-json\/wp\/v2\/pages"}],"about":[{"href":"https:\/\/home.firstcanadian.ca\/fr\/wp-json\/wp\/v2\/types\/page"}],"author":[{"embeddable":true,"href":"https:\/\/home.firstcanadian.ca\/fr\/wp-json\/wp\/v2\/users\/2"}],"replies":[{"embeddable":true,"href":"https:\/\/home.firstcanadian.ca\/fr\/wp-json\/wp\/v2\/comments?post=50966"}],"version-history":[{"count":13,"href":"https:\/\/home.firstcanadian.ca\/fr\/wp-json\/wp\/v2\/pages\/50966\/revisions"}],"predecessor-version":[{"id":51041,"href":"https:\/\/home.firstcanadian.ca\/fr\/wp-json\/wp\/v2\/pages\/50966\/revisions\/51041"}],"wp:attachment":[{"href":"https:\/\/home.firstcanadian.ca\/fr\/wp-json\/wp\/v2\/media?parent=50966"}],"curies":[{"name":"wp","href":"https:\/\/api.w.org\/{rel}","templated":true}]}}