{"id":48129,"date":"2023-12-07T16:19:53","date_gmt":"2023-12-07T23:19:53","guid":{"rendered":"https:\/\/home.firstcanadian.ca\/home-copy\/"},"modified":"2025-11-12T14:08:53","modified_gmt":"2025-11-12T21:08:53","slug":"home","status":"publish","type":"page","link":"https:\/\/home.firstcanadian.ca\/fr\/","title":{"rendered":"Page d&#8217;accueil"},"content":{"rendered":"<div class=\"wpb-content-wrapper\"><p>[vc_row disable_element=&#8221;yes&#8221; css=&#8221;.vc_custom_1702055753545{margin-top: 0px !important;margin-right: 0px !important;margin-bottom: 0px !important;margin-left: 0px !important;padding-top: 0px !important;padding-right: 0px !important;padding-bottom: 0px !important;padding-left: 0px !important;}&#8221; el_class=&#8221;bigscreen&#8221;][vc_column offset=&#8221;vc_hidden-sm vc_hidden-xs&#8221;]<div id=\"multiscroll\" class=\"fullscreen-portfolio\">\n           <div class=\"ms-left\">\n                           <div class=\"ms-section\" style=\"background:url(https:\/\/home.firstcanadian.ca\/wp-content\/uploads\/2018\/03\/FCI-Home-1a-L.jpg); background-size:cover;\">\n                           <\/div>\n                           <div class=\"ms-section\" style=\"background:url(https:\/\/home.firstcanadian.ca\/wp-content\/uploads\/2018\/03\/FCI-Home-2-L.jpg); background-size:cover;\">\n                           <\/div>\n                           <div class=\"ms-section\" style=\"background:url(https:\/\/home.firstcanadian.ca\/wp-content\/uploads\/2018\/03\/FCI-Home-3-L.jpg); background-size:cover;\">\n                           <\/div>\n                           <div class=\"ms-section\" style=\"background:url(https:\/\/home.firstcanadian.ca\/wp-content\/uploads\/2018\/04\/FCIImages_Group-L.jpg); background-size:cover;\">\n                           <\/div><\/div><div class=\"ms-right\">\n                       <div class=\"ms-section\" style=\"background:url(https:\/\/home.firstcanadian.ca\/wp-content\/uploads\/2018\/03\/FCI-Home-1a-R.jpg); background-size:cover;\">\n                                 <a href=\"\/fr\/about\">\n                                   <div class=\"boxed-caption boxed-caption-anim dark-bg\">\n                                     <h3 class=\"white font2\"><div class=\"hero1\"><span class=\"title\"><h1>Groupe financier First Canadian<\/h1><\/span><div class=\"imghero\">    <div class=\"cl1\">    <image src=\"\/wp-content\/uploads\/2021\/01\/FCIC-FR.png\" width=\"250px\" \/>     <\/div>     <div class=\"cl2\">     <image src=\"\/wp-content\/uploads\/2021\/01\/Millennium-FR.png\" width=\"250px\" \/>     <\/div>   <\/div><span class=\"subtitle\"><h2><em>Nous offrons une protection aux familles canadiennes lorsqu\u2019 \u00ab au cas o\u00f9 \u00bb devient r\u00e9alit\u00e9.<\/em><\/h2><\/span><\/div><\/h3>\n                                     <p class=\"white font1\"><div class=\"hero1\"><div class=\"btn_white\">En savoir plus<\/div><\/div>\n                                   <\/div>\n                                 <\/a>\n                       <\/div>\n                       <div class=\"ms-section\" style=\"background:url(https:\/\/home.firstcanadian.ca\/wp-content\/uploads\/2018\/03\/FCI-Home-2-R.jpg); background-size:cover;\">\n                                 <a href=\"\/fr\/life-insurance\/\">\n                                   <div class=\"boxed-caption boxed-caption-anim dark-bg\">\n                                     <h3 class=\"white font2\"><div class=\"hero2\"><span class=\"title\"><h1>Assurance vie<\/h1><\/span><span class=\"subtitle\"><h2>Nous offrons \u00e0 nos clients des produits d'assurance vie et invalidit\u00e9 afin de prot\u00e9ger leur famille.<\/h2><\/span><\/div><\/h3>\n                                     <p class=\"white font1\"><div class=\"hero2\"><div class=\"btn_white\">En savoir plus<\/div><\/div>\n                                   <\/div>\n                                 <\/a>\n                       <\/div>\n                       <div class=\"ms-section\" style=\"background:url(https:\/\/home.firstcanadian.ca\/wp-content\/uploads\/2018\/04\/FCI-Home-3-R-noblue.jpg); background-size:cover;\">\n                                 <a href=\"\/fr\/vehicle-protection\">\n                                   <div class=\"boxed-caption boxed-caption-anim dark-bg\">\n                                     <h3 class=\"white font2\"><div class=\"hero3\"><span class=\"title\"><h1>Assurance auto et v\u00e9hicules r\u00e9cr\u00e9atifs<\/h1><\/span><span class=\"subtitle\"><h2>Nous offrons une gamme de produits vous permettant de vous rendre o\u00f9 vous le voulez, sans inqui\u00e9tudes.<\/h2><\/span><\/div><\/h3>\n                                     <p class=\"white font1\"><div class=\"hero3\"><div class=\"btn_white\">En savoir plus<\/div><\/div>\n                                   <\/div>\n                                 <\/a>\n                       <\/div>\n                       <div class=\"ms-section\" style=\"background:url(https:\/\/home.firstcanadian.ca\/wp-content\/uploads\/2018\/04\/FCIImages_Group-R.jpg); background-size:cover;\">\n                                 <a href=\"\/fr\/group-benefits\/\">\n                                   <div class=\"boxed-caption boxed-caption-anim dark-bg\">\n                                     <h3 class=\"white font2\"><div class=\"hero4\"><span class=\"title\"><h1>Assurance collective<\/h1><\/span><span class=\"subtitle\"><h2>Nous offrons des programmes d'assurance collective novateurs afin de promouvoir le bien-\u00eatre en milieu de travail.<\/h2><\/span><\/div><\/h3>\n                                     <p class=\"white font1\"><div class=\"hero4\"><div class=\"btn_white\">En savoir plus<\/div><\/div>\n                                   <\/div>\n                                 <\/a>\n                       <\/div><\/div>[\/vc_column][\/vc_row][vc_row full_height=&#8221;yes&#8221; css=&#8221;.vc_custom_1702055787465{margin-top: 0px !important;margin-right: 0px !important;margin-bottom: 0px !important;margin-left: 0px !important;padding-top: 0px !important;padding-right: 0px !important;padding-bottom: 0px !important;padding-left: 0px !important;background-image: url(https:\/\/home.firstcanadian.ca\/wp-content\/uploads\/2023\/12\/image-3.png?id=48134) !important;background-position: center !important;background-repeat: no-repeat !important;background-size: cover !important;}&#8221; el_class=&#8221;bigscreen&#8221;][vc_column offset=&#8221;vc_hidden-sm vc_hidden-xs&#8221;][vc_raw_html]JTNDZGl2JTIwY2xhc3MlM0QlMjJob21lLXNlYyUyMiUzRSUwQSUyMCUyMCUyMCUzQ3NwYW4lMjBjbGFzcyUzRCUyMnRpdGxlJTIyJTNFJTBBJTIwJTIwJTIwJTIwJTIwJTIwJTNDaDElM0VHcm91cGUlMjBmaW5hbmNpZXIlMjBGaXJzdCUyMENhbmFkaWFuJTNDJTJGaDElM0UlMEElMjAlMjAlMjAlM0MlMkZzcGFuJTNFJTBBJTIwJTIwJTIwJTNDZGl2JTIwY2xhc3MlM0QlMjJpbWdoZXJvJTIyJTNFJTBBJTIwJTIwJTIwJTIwJTIwJTIwJTNDZGl2JTIwY2xhc3MlM0QlMjJjbDElMjIlM0UlMEElMjAlMjAlMjAlMjAlMjAlMjAlMjAlMjAlMjAlM0NpbWFnZSUyMHNyYyUzRCUyMiUyRndwLWNvbnRlbnQlMkZ1cGxvYWRzJTJGMjAyMSUyRjAxJTJGRkNJQy1GUi5wbmclMjIlMjB3aWR0aCUzRCUyMjI1MHB4JTIyJTIwJTJGJTNFJTBBJTIwJTIwJTIwJTIwJTIwJTIwJTNDJTJGZGl2JTNFJTBBJTIwJTIwJTIwJTIwJTIwJTIwJTNDZGl2JTIwY2xhc3MlM0QlMjJjbDIlMjIlM0UlMEElMjAlMjAlMjAlMjAlMjAlMjAlMjAlMjAlMjAlM0NpbWFnZSUyMHNyYyUzRCUyMiUyRndwLWNvbnRlbnQlMkZ1cGxvYWRzJTJGMjAyMSUyRjAxJTJGTWlsbGVubml1bS1GUi5wbmclMjIlMjB3aWR0aCUzRCUyMjI1MHB4JTIyJTIwJTJGJTNFJTBBJTIwJTIwJTIwJTIwJTIwJTIwJTNDJTJGZGl2JTNFJTBBJTIwJTIwJTIwJTNDJTJGZGl2JTNFJTBBJTIwJTIwJTIwJTNDc3BhbiUyMGNsYXNzJTNEJTIyc3VidGl0bGUlMjIlM0UlMEElMjAlMjAlMjAlMjAlMjAlMjAlM0NoMiUzRSUzQ2VtJTNFTm91cyUyMG9mZnJvbnMlMjB1bmUlMjBwcm90ZWN0aW9uJTIwYXV4JTIwZmFtaWxsZXMlMjBjYW5hZGllbm5lcyUyMGxvcnNxdSVFMiU4MCU5OSUyMCVDMiVBQiUyMGF1JTIwY2FzJTIwbyVDMyVCOSUyMCVDMiVCQiUyMGRldmllbnQlMjByJUMzJUE5YWxpdCVDMyVBOS4lM0MlMkZlbSUzRSUzQyUyRmgyJTNFJTBBJTIwJTIwJTIwJTNDJTJGc3BhbiUzRSUwQSUzQyUyRmRpdiUzRSUwQSUzQ2RpdiUyMGNsYXNzJTNEJTIyaG9tZS1zZWMlMjBidXR0b24taGVybyUyMiUzRSUwQSUyMCUyMCUyMCUzQ2ElMjBocmVmJTNEJTIyJTJGZnIlMkZhYm91dCUyMiUyMCUzRSUwQSUyMCUyMCUyMCUyMCUyMCUyMCUzQ2RpdiUyMGNsYXNzJTNEJTIyYnRuX3doaXRlJTIyJTNFJUMzJTgwJTIwcHJvcG9zJTIwZGUlMjBub3VzJTNDJTJGZGl2JTNFJTBBJTIwJTIwJTIwJTNDJTJGYSUzRSUwQSUyMCUyMCUyMCUzQ2ElMjBocmVmJTNEJTIyJTJGZnIlMkZsaWZlLWluc3VyYW5jZSUyRiUyMiUyMCUzRSUwQSUyMCUyMCUyMCUyMCUyMCUyMCUzQ2RpdiUyMGNsYXNzJTNEJTIyYnRuX3doaXRlJTIyJTNFQXNzdXJhbmNlJTIwY3IlQzMlQTlhbmNlJTNDJTJGZGl2JTNFJTBBJTIwJTIwJTIwJTNDJTJGYSUzRSUwQSUyMCUyMCUyMCUzQ2ElMjBocmVmJTNEJTIyJTJGZnIlMkZ2ZWhpY2xlLXByb3RlY3Rpb24lMkYlMjIlMjAlM0UlMEElMjAlMjAlMjAlMjAlMjAlMjAlM0NkaXYlMjBjbGFzcyUzRCUyMmJ0bl93aGl0ZSUyMiUzRVByb3RlY3Rpb24lMjBwb3VyJTIwdiVDMyVBOWhpY3VsZXMlM0MlMkZkaXYlM0UlMEElMjAlMjAlMjAlM0MlMkZhJTNFJTBBJTIwJTIwJTIwJTNDYSUyMGhyZWYlM0QlMjIlMkZmciUyRmdyb3VwLWJlbmVmaXRzJTJGJTIyJTIwJTNFJTBBJTIwJTIwJTIwJTIwJTIwJTIwJTNDZGl2JTIwY2xhc3MlM0QlMjJidG5fd2hpdGUlMjIlM0VBc3N1cmFuY2UlMjBjb2xsZWN0aXZlJTNDJTJGZGl2JTNFJTBBJTIwJTIwJTIwJTNDJTJGYSUzRSUwQSUzQyUyRmRpdiUzRQ==[\/vc_raw_html][\/vc_column][\/vc_row][vc_row disable_element=&#8221;yes&#8221;][vc_column offset=&#8221;vc_hidden-sm vc_hidden-xs&#8221;][vc_raw_html]JTNDYSUyMGhyZWYlM0QlMjIlMjNsaWZlLWluc3VyYW5jZSUyMiUzRSUwQSUzQ2RpdiUyMGlkJTNEJTIybmV4dC1zY3JvbGwlMjIlM0UlMEElM0MlMkZkaXYlM0UlMEElM0MlMkZhJTNF[\/vc_raw_html][\/vc_column][\/vc_row][vc_row content_placement=&#8221;top&#8221; el_class=&#8221;section&#8221; css=&#8221;.vc_custom_1530901872979{background-image: url(https:\/\/home.firstcanadian.ca\/wp-content\/uploads\/2018\/07\/Mobile_Home.jpg?id=5829) !important;background-position: center !important;background-repeat: no-repeat !important;background-size: cover !important;}&#8221;][vc_column offset=&#8221;vc_hidden-lg vc_hidden-md&#8221; el_class=&#8221;home-mobile&#8221;][vc_column_text el_class=&#8221;white&#8221;]<\/p>\n<h2 style=\"text-align: center;\"><span style=\"color: #ffffff;\">Groupe financier First Canadian<\/span><\/h2>\n<p>[\/vc_column_text][vc_raw_html css=&#8221;.vc_custom_1611853706946{margin-top: 25px !important;}&#8221;]JTNDZGl2JTIwY2xhc3MlM0QlMjJpbWdoZXJvJTIyJTNFJTIwJTIwJTIwJTIwJTBBJTIwJTIwJTNDZGl2JTIwY2xhc3MlM0QlMjJjbDElMjIlM0UlMjAlMjAlMjAlMjAlMEElMjAlMjAlMjAlMjAlM0NpbWFnZSUyMHNyYyUzRCUyMiUyRndwLWNvbnRlbnQlMkZ1cGxvYWRzJTJGMjAyMSUyRjAxJTJGRkNJQy1GUi5wbmclMjIlMjB3aWR0aCUzRCUyMjI1MHB4JTIyJTIwJTJGJTNFJTIwJTIwJTIwJTIwJTIwJTBBJTIwJTIwJTNDJTJGZGl2JTNFJTIwJTIwJTIwJTIwJTIwJTBBJTIwJTIwJTNDZGl2JTIwY2xhc3MlM0QlMjJjbDIlMjIlM0UlMjAlMjAlMjAlMjAlMjAlMEElMjAlMjAlMjAlMjAlM0NpbWFnZSUyMHNyYyUzRCUyMiUyRndwLWNvbnRlbnQlMkZ1cGxvYWRzJTJGMjAyMSUyRjAxJTJGTWlsbGVubml1bS1GUi5wbmclMjIlMjB3aWR0aCUzRCUyMjI1MHB4JTIyJTIwJTJGJTNFJTIwJTIwJTIwJTIwJTIwJTBBJTIwJTIwJTNDJTJGZGl2JTNFJTIwJTIwJTIwJTBBJTNDJTJGZGl2JTNF[\/vc_raw_html][vc_column_text el_class=&#8221;white&#8221;]<\/p>\n<h5 style=\"text-align: center;\"><span style=\"color: #ffffff;\"><em>Nous offrons une protection aux familles canadiennes lorsqu\u2019 \u00ab au cas o\u00f9 \u00bb devient r\u00e9alit\u00e9.<\/em><\/span><\/h5>\n<p>[\/vc_column_text][vc_raw_html css=&#8221;.vc_custom_1702059391668{margin-top: 25px !important;}&#8221;]JTNDZGl2JTIwc3R5bGUlM0QlMjJ0ZXh0LWFsaWduJTNBY2VudGVyJTNCJTIyJTNFJTBBJTIwJTIwJTNDYSUyMGhyZWYlM0QlMjIlMkZmciUyRmFib3V0JTJGJTIyJTIwJTNFJTBBJTIwJTIwJTIwJTIwJTNDZGl2JTIwY2xhc3MlM0QlMjJidG5fd2hpdGUlMjIlM0UlQzMlODAlMjBwcm9wb3MlMjBkZSUyMG5vdXMlM0MlMkZkaXYlM0UlMEElMjAlMjAlM0MlMkZhJTNFJTBBJTNDYSUyMGhyZWYlM0QlMjIlMkZmciUyRmxpZmUtaW5zdXJhbmNlJTJGJTIyJTIwJTNFJTBBJTIwJTIwJTIwJTIwJTIwJTIwJTNDZGl2JTIwY2xhc3MlM0QlMjJidG5fd2hpdGUlMjIlM0VBc3N1cmFuY2UlMjBjciVDMyVBOWFuY2UlM0MlMkZkaXYlM0UlMEElMjAlMjAlMjAlM0MlMkZhJTNFJTBBJTIwJTIwJTIwJTNDYSUyMGhyZWYlM0QlMjIlMkZmciUyRnZlaGljbGUtcHJvdGVjdGlvbiUyRiUyMiUyMCUzRSUwQSUyMCUyMCUyMCUyMCUyMCUyMCUzQ2RpdiUyMGNsYXNzJTNEJTIyYnRuX3doaXRlJTIyJTNFUHJvdGVjdGlvbiUyMHBvdXIlMjB2JUMzJUE5aGljdWxlcyUzQyUyRmRpdiUzRSUwQSUyMCUyMCUyMCUzQyUyRmElM0UlMEElMjAlMjAlMjAlM0NhJTIwaHJlZiUzRCUyMiUyRmZyJTJGZ3JvdXAtYmVuZWZpdHMlMkYlMjIlMjAlM0UlMEElMjAlMjAlMjAlMjAlMjAlMjAlM0NkaXYlMjBjbGFzcyUzRCUyMmJ0bl93aGl0ZSUyMiUzRUFzc3VyYW5jZSUyMGNvbGxlY3RpdmUlM0MlMkZkaXYlM0UlMEElMjAlMjAlMjAlM0MlMkZhJTNFJTBBJTNDJTJGZGl2JTNF[\/vc_raw_html][\/vc_column][\/vc_row][vc_row disable_element=&#8221;yes&#8221;][vc_column]<div class=\"ult-modal-input-wrapper ult-adjust-bottom-margin\"><button style=\"background:#333333;border-color:#333333;color:#FFFFFF;\" data-class-id=\"content-69d707eae987d\" class=\"btn-modal btn-primary btn-modal-sm overlay-show ult-align-center\" data-overlay-class=\"overlay-cornerbottomleft\"><\/button><\/div>\n<div class=\"ult-overlay content-69d707eae987d \" data-class=\"content-69d707eae987d\" id=\"button-click-overlay\" style=\"background:rgba(51,51,51,0.8); display:none;\">\n\t<div class=\"ult_modal ult-fade ult-medium\">\n\t\t<div class=\"ult_modal-content\" style=\"\">\n\t\t\t<div class=\"ult_modal-header\" style=\"color:#333333;\">\n\t\t\t\t<h3 class=\"ult_modal-title\">Restez en contact pendant la gr\u00e8ve de Postes Canada<\/h3>\n\t\t\t<\/div>\n\t\t\t<div class=\"ult_modal-body ult-html\" style=\"\">\n\t\t\t<span lang=\"FR\">En raison des perturbations actuelles des services postaux de Postes Canada, nous restons d\u00e9termin\u00e9s \u00e0 offrir un soutien sans interruption et une communication rapide \u00e0 tous nos clients. Afin de minimiser les retards possibles, nous vous encourageons \u00e0 privil\u00e9gier les communications \u00e9lectroniques dans la mesure du possible.<u><\/u><u><\/u><\/span><\/p>\n<p><span lang=\"FR\">Pour obtenir des informations sur la soumission de r\u00e9clamations pour l\u2019<strong>assurance cr\u00e9dit<\/strong>, la\u00a0<strong>protection de v\u00e9hicules<\/strong>\u00a0et les\u00a0<strong>avantages collectifs<\/strong>, veuillez utiliser l\u2019option\u00a0<a href=\"https:\/\/home.firstcanadian.ca\/fr\/claims\/\"><strong>R\u00e9clamations<\/strong><\/a>\u00a0disponible sur notre page d\u2019accueil. Pour toute autre demande, nous vous invitons \u00e0 consulter notre page\u00a0<a href=\"https:\/\/home-uat.firstcanadian.ca\/fr\/contact\/\"><b>Contactez-nous<\/b><\/a>, o\u00f9 vous pouvez soumettre vos demandes directement.<u><\/u><u><\/u><\/span><\/p>\n<p><span lang=\"FR\">En privil\u00e9giant les communications \u00e9lectroniques, nous pouvons traiter vos besoins de mani\u00e8re plus efficace et maintenir le niveau de service que vous attendez de nous. Si vous avez besoin d\u2019assistance, notre \u00e9quipe est pr\u00eate \u00e0 vous aider et s\u2019engage \u00e0 r\u00e9pondre \u00e0 vos demandes dans les meilleurs d\u00e9lais.<\/span><span lang=\"FR\">\u00a0<\/span><span lang=\"FR\">Vous pouvez \u00e9galement communiquer avec notre si\u00e8ge social par t\u00e9l\u00e9phone au 780-467-9575 ou sans frais au 1-800-561-3242.<u><\/u><u><\/u><\/span><\/p>\n<p><span lang=\"FR\">Nous vous remercions de votre compr\u00e9hension et de votre collaboration alors que nous travaillons ensemble pour minimiser les perturbations pendant cette p\u00e9riode.<\/span>\n\t\t\t<\/div>\n\t<\/div>\n\t<\/div>\n\t<div class=\"ult-overlay-close\">Close<\/div>\n<\/div>[\/vc_column][\/vc_row]<\/p>\n<\/div>","protected":false},"excerpt":{"rendered":"<p>[vc_row disable_element=&#8221;yes&#8221; css=&#8221;.vc_custom_1702055753545{margin-top: 0px !important;margin-right: 0px !important;margin-bottom: 0px !important;margin-left: 0px !important;padding-top: 0px !important;padding-right: 0px !important;padding-bottom: 0px !important;padding-left: 0px !important;}&#8221; el_class=&#8221;bigscreen&#8221;][vc_column offset=&#8221;vc_hidden-sm vc_hidden-xs&#8221;][\/vc_column][\/vc_row][vc_row full_height=&#8221;yes&#8221; css=&#8221;.vc_custom_1702055787465{margin-top: 0px !important;margin-right: 0px !important;margin-bottom: 0px !important;margin-left: 0px !important;padding-top: 0px !important;padding-right: 0px !important;padding-bottom: 0px !important;padding-left: 0px !important;background-image: url(https:\/\/home.firstcanadian.ca\/wp-content\/uploads\/2023\/12\/image-3.png?id=48134) !important;background-position: center !important;background-repeat: no-repeat !important;background-size: cover !important;}&#8221; el_class=&#8221;bigscreen&#8221;][vc_column offset=&#8221;vc_hidden-sm vc_hidden-xs&#8221;][vc_raw_html]JTNDZGl2JTIwY2xhc3MlM0QlMjJob21lLXNlYyUyMiUzRSUwQSUyMCUyMCUyMCUzQ3NwYW4lMjBjbGFzcyUzRCUyMnRpdGxlJTIyJTNFJTBBJTIwJTIwJTIwJTIwJTIwJTIwJTNDaDElM0VHcm91cGUlMjBmaW5hbmNpZXIlMjBGaXJzdCUyMENhbmFkaWFuJTNDJTJGaDElM0UlMEElMjAlMjAlMjAlM0MlMkZzcGFuJTNFJTBBJTIwJTIwJTIwJTNDZGl2JTIwY2xhc3MlM0QlMjJpbWdoZXJvJTIyJTNFJTBBJTIwJTIwJTIwJTIwJTIwJTIwJTNDZGl2JTIwY2xhc3MlM0QlMjJjbDElMjIlM0UlMEElMjAlMjAlMjAlMjAlMjAlMjAlMjAlMjAlMjAlM0NpbWFnZSUyMHNyYyUzRCUyMiUyRndwLWNvbnRlbnQlMkZ1cGxvYWRzJTJGMjAyMSUyRjAxJTJGRkNJQy1GUi5wbmclMjIlMjB3aWR0aCUzRCUyMjI1MHB4JTIyJTIwJTJGJTNFJTBBJTIwJTIwJTIwJTIwJTIwJTIwJTNDJTJGZGl2JTNFJTBBJTIwJTIwJTIwJTIwJTIwJTIwJTNDZGl2JTIwY2xhc3MlM0QlMjJjbDIlMjIlM0UlMEElMjAlMjAlMjAlMjAlMjAlMjAlMjAlMjAlMjAlM0NpbWFnZSUyMHNyYyUzRCUyMiUyRndwLWNvbnRlbnQlMkZ1cGxvYWRzJTJGMjAyMSUyRjAxJTJGTWlsbGVubml1bS1GUi5wbmclMjIlMjB3aWR0aCUzRCUyMjI1MHB4JTIyJTIwJTJGJTNFJTBBJTIwJTIwJTIwJTIwJTIwJTIwJTNDJTJGZGl2JTNFJTBBJTIwJTIwJTIwJTNDJTJGZGl2JTNFJTBBJTIwJTIwJTIwJTNDc3BhbiUyMGNsYXNzJTNEJTIyc3VidGl0bGUlMjIlM0UlMEElMjAlMjAlMjAlMjAlMjAlMjAlM0NoMiUzRSUzQ2VtJTNFTm91cyUyMG9mZnJvbnMlMjB1bmUlMjBwcm90ZWN0aW9uJTIwYXV4JTIwZmFtaWxsZXMlMjBjYW5hZGllbm5lcyUyMGxvcnNxdSVFMiU4MCU5OSUyMCVDMiVBQiUyMGF1JTIwY2FzJTIwbyVDMyVCOSUyMCVDMiVCQiUyMGRldmllbnQlMjByJUMzJUE5YWxpdCVDMyVBOS4lM0MlMkZlbSUzRSUzQyUyRmgyJTNFJTBBJTIwJTIwJTIwJTNDJTJGc3BhbiUzRSUwQSUzQyUyRmRpdiUzRSUwQSUzQ2RpdiUyMGNsYXNzJTNEJTIyaG9tZS1zZWMlMjBidXR0b24taGVybyUyMiUzRSUwQSUyMCUyMCUyMCUzQ2ElMjBocmVmJTNEJTIyJTJGZnIlMkZhYm91dCUyMiUyMCUzRSUwQSUyMCUyMCUyMCUyMCUyMCUyMCUzQ2RpdiUyMGNsYXNzJTNEJTIyYnRuX3doaXRlJTIyJTNFJUMzJTgwJTIwcHJvcG9zJTIwZGUlMjBub3VzJTNDJTJGZGl2JTNFJTBBJTIwJTIwJTIwJTNDJTJGYSUzRSUwQSUyMCUyMCUyMCUzQ2ElMjBocmVmJTNEJTIyJTJGZnIlMkZsaWZlLWluc3VyYW5jZSUyRiUyMiUyMCUzRSUwQSUyMCUyMCUyMCUyMCUyMCUyMCUzQ2RpdiUyMGNsYXNzJTNEJTIyYnRuX3doaXRlJTIyJTNFQXNzdXJhbmNlJTIwY3IlQzMlQTlhbmNlJTNDJTJGZGl2JTNFJTBBJTIwJTIwJTIwJTNDJTJGYSUzRSUwQSUyMCUyMCUyMCUzQ2ElMjBocmVmJTNEJTIyJTJGZnIlMkZ2ZWhpY2xlLXByb3RlY3Rpb24lMkYlMjIlMjAlM0UlMEElMjAlMjAlMjAlMjAlMjAlMjAlM0NkaXYlMjBjbGFzcyUzRCUyMmJ0bl93aGl0ZSUyMiUzRVByb3RlY3Rpb24lMjBwb3VyJTIwdiVDMyVBOWhpY3VsZXMlM0MlMkZkaXYlM0UlMEElMjAlMjAlMjAlM0MlMkZhJTNFJTBBJTIwJTIwJTIwJTNDYSUyMGhyZWYlM0QlMjIlMkZmciUyRmdyb3VwLWJlbmVmaXRzJTJGJTIyJTIwJTNFJTBBJTIwJTIwJTIwJTIwJTIwJTIwJTNDZGl2JTIwY2xhc3MlM0QlMjJidG5fd2hpdGUlMjIlM0VBc3N1cmFuY2UlMjBjb2xsZWN0aXZlJTNDJTJGZGl2JTNFJTBBJTIwJTIwJTIwJTNDJTJGYSUzRSUwQSUzQyUyRmRpdiUzRQ==[\/vc_raw_html][\/vc_column][\/vc_row][vc_row disable_element=&#8221;yes&#8221;][vc_column offset=&#8221;vc_hidden-sm vc_hidden-xs&#8221;][vc_raw_html]JTNDYSUyMGhyZWYlM0QlMjIlMjNsaWZlLWluc3VyYW5jZSUyMiUzRSUwQSUzQ2RpdiUyMGlkJTNEJTIybmV4dC1zY3JvbGwlMjIlM0UlMEElM0MlMkZkaXYlM0UlMEElM0MlMkZhJTNF[\/vc_raw_html][\/vc_column][\/vc_row][vc_row content_placement=&#8221;top&#8221; el_class=&#8221;section&#8221; css=&#8221;.vc_custom_1530901872979{background-image: url(https:\/\/home.firstcanadian.ca\/wp-content\/uploads\/2018\/07\/Mobile_Home.jpg?id=5829) !important;background-position: center !important;background-repeat: no-repeat !important;background-size: cover !important;}&#8221;][vc_column offset=&#8221;vc_hidden-lg vc_hidden-md&#8221; el_class=&#8221;home-mobile&#8221;][vc_column_text el_class=&#8221;white&#8221;] Groupe financier First Canadian [\/vc_column_text][vc_raw_html css=&#8221;.vc_custom_1611853706946{margin-top: 25px !important;}&#8221;]JTNDZGl2JTIwY2xhc3MlM0QlMjJpbWdoZXJvJTIyJTNFJTIwJTIwJTIwJTIwJTBBJTIwJTIwJTNDZGl2JTIwY2xhc3MlM0QlMjJjbDElMjIlM0UlMjAlMjAlMjAlMjAlMEElMjAlMjAlMjAlMjAlM0NpbWFnZSUyMHNyYyUzRCUyMiUyRndwLWNvbnRlbnQlMkZ1cGxvYWRzJTJGMjAyMSUyRjAxJTJGRkNJQy1GUi5wbmclMjIlMjB3aWR0aCUzRCUyMjI1MHB4JTIyJTIwJTJGJTNFJTIwJTIwJTIwJTIwJTIwJTBBJTIwJTIwJTNDJTJGZGl2JTNFJTIwJTIwJTIwJTIwJTIwJTBBJTIwJTIwJTNDZGl2JTIwY2xhc3MlM0QlMjJjbDIlMjIlM0UlMjAlMjAlMjAlMjAlMjAlMEElMjAlMjAlMjAlMjAlM0NpbWFnZSUyMHNyYyUzRCUyMiUyRndwLWNvbnRlbnQlMkZ1cGxvYWRzJTJGMjAyMSUyRjAxJTJGTWlsbGVubml1bS1GUi5wbmclMjIlMjB3aWR0aCUzRCUyMjI1MHB4JTIyJTIwJTJGJTNFJTIwJTIwJTIwJTIwJTIwJTBBJTIwJTIwJTNDJTJGZGl2JTNFJTIwJTIwJTIwJTBBJTNDJTJGZGl2JTNF[\/vc_raw_html][vc_column_text el_class=&#8221;white&#8221;] Nous offrons une protection aux familles canadiennes lorsqu\u2019 \u00ab au cas o\u00f9 \u00bb devient r\u00e9alit\u00e9. [\/vc_column_text][vc_raw_html css=&#8221;.vc_custom_1702059391668{margin-top: 25px !important;}&#8221;]JTNDZGl2JTIwc3R5bGUlM0QlMjJ0ZXh0LWFsaWduJTNBY2VudGVyJTNCJTIyJTNFJTBBJTIwJTIwJTNDYSUyMGhyZWYlM0QlMjIlMkZmciUyRmFib3V0JTJGJTIyJTIwJTNFJTBBJTIwJTIwJTIwJTIwJTNDZGl2JTIwY2xhc3MlM0QlMjJidG5fd2hpdGUlMjIlM0UlQzMlODAlMjBwcm9wb3MlMjBkZSUyMG5vdXMlM0MlMkZkaXYlM0UlMEElMjAlMjAlM0MlMkZhJTNFJTBBJTNDYSUyMGhyZWYlM0QlMjIlMkZmciUyRmxpZmUtaW5zdXJhbmNlJTJGJTIyJTIwJTNFJTBBJTIwJTIwJTIwJTIwJTIwJTIwJTNDZGl2JTIwY2xhc3MlM0QlMjJidG5fd2hpdGUlMjIlM0VBc3N1cmFuY2UlMjBjciVDMyVBOWFuY2UlM0MlMkZkaXYlM0UlMEElMjAlMjAlMjAlM0MlMkZhJTNFJTBBJTIwJTIwJTIwJTNDYSUyMGhyZWYlM0QlMjIlMkZmciUyRnZlaGljbGUtcHJvdGVjdGlvbiUyRiUyMiUyMCUzRSUwQSUyMCUyMCUyMCUyMCUyMCUyMCUzQ2RpdiUyMGNsYXNzJTNEJTIyYnRuX3doaXRlJTIyJTNFUHJvdGVjdGlvbiUyMHBvdXIlMjB2JUMzJUE5aGljdWxlcyUzQyUyRmRpdiUzRSUwQSUyMCUyMCUyMCUzQyUyRmElM0UlMEElMjAlMjAlMjAlM0NhJTIwaHJlZiUzRCUyMiUyRmZyJTJGZ3JvdXAtYmVuZWZpdHMlMkYlMjIlMjAlM0UlMEElMjAlMjAlMjAlMjAlMjAlMjAlM0NkaXYlMjBjbGFzcyUzRCUyMmJ0bl93aGl0ZSUyMiUzRUFzc3VyYW5jZSUyMGNvbGxlY3RpdmUlM0MlMkZkaXYlM0UlMEElMjAlMjAlMjAlM0MlMkZhJTNFJTBBJTNDJTJGZGl2JTNF[\/vc_raw_html][\/vc_column][\/vc_row][vc_row disable_element=&#8221;yes&#8221;][vc_column][\/vc_column][\/vc_row]<\/p>\n","protected":false},"author":1,"featured_media":0,"parent":0,"menu_order":0,"comment_status":"closed","ping_status":"closed","template":"templates\/fullpage-home.php","meta":{"footnotes":""},"class_list":["post-48129","page","type-page","status-publish","hentry"],"translation":{"provider":"WPGlobus","version":"3.0.2","language":"fr","enabled_languages":["en","fr"],"languages":{"en":{"title":true,"content":true,"excerpt":false},"fr":{"title":true,"content":true,"excerpt":false}}},"yoast_head":"<!-- This site is optimized with the Yoast SEO plugin v26.9 - https:\/\/yoast.com\/product\/yoast-seo-wordpress\/ -->\n<title>First Canadian Financial Group | Proudly protecting Canadians since 1988<\/title>\n<meta name=\"robots\" content=\"index, follow, max-snippet:-1, max-image-preview:large, max-video-preview:-1\" \/>\n<link rel=\"canonical\" href=\"https:\/\/home.firstcanadian.ca\/\" \/>\n<meta property=\"og:locale\" content=\"fr_FR\" \/>\n<meta property=\"og:type\" content=\"article\" \/>\n<meta property=\"og:title\" content=\"Page d&#039;accueil - First Canadian Financial Group\" \/>\n<meta property=\"og:url\" content=\"https:\/\/home.firstcanadian.ca\/\" \/>\n<meta property=\"og:site_name\" content=\"First Canadian Financial Group\" \/>\n<meta property=\"article:modified_time\" content=\"2025-11-12T21:08:53+00:00\" \/>\n<meta name=\"twitter:card\" content=\"summary_large_image\" \/>\n<meta name=\"twitter:label1\" content=\"Est. reading time\" \/>\n\t<meta name=\"twitter:data1\" content=\"12 minutes\" \/>\n<script type=\"application\/ld+json\" class=\"yoast-schema-graph\">{\"@context\":\"https:\/\/schema.org\",\"@graph\":[{\"@type\":\"WebPage\",\"@id\":\"https:\/\/home.firstcanadian.ca\/\",\"url\":\"https:\/\/home.firstcanadian.ca\/\",\"name\":\"First Canadian Financial Group | Proudly protecting Canadians since 1988\",\"isPartOf\":{\"@id\":\"https:\/\/home.firstcanadian.ca\/#website\"},\"datePublished\":\"2023-12-07T23:19:53+00:00\",\"dateModified\":\"2025-11-12T21:08:53+00:00\",\"description\":\"First Canadian Financial Group is proud to offer a range of products to protect Canadians. These products include Life Insurance, Group Benefits and more.\",\"breadcrumb\":{\"@id\":\"https:\/\/home.firstcanadian.ca\/#breadcrumb\"},\"inLanguage\":\"fr-FR\",\"potentialAction\":[{\"@type\":\"ReadAction\",\"target\":[\"https:\/\/home.firstcanadian.ca\/\"]}]},{\"@type\":\"BreadcrumbList\",\"@id\":\"https:\/\/home.firstcanadian.ca\/#breadcrumb\",\"itemListElement\":[{\"@type\":\"ListItem\",\"position\":1,\"name\":\"Home\",\"item\":\"https:\/\/home.firstcanadian.ca\/\"},{\"@type\":\"ListItem\",\"position\":2,\"name\":\"Home\"}]},{\"@type\":\"WebSite\",\"@id\":\"https:\/\/home.firstcanadian.ca\/#website\",\"url\":\"https:\/\/home.firstcanadian.ca\/\",\"name\":\"First Canadian Financial Group\",\"description\":\"Protecting Canadians since 1988\",\"potentialAction\":[{\"@type\":\"SearchAction\",\"target\":{\"@type\":\"EntryPoint\",\"urlTemplate\":\"https:\/\/home.firstcanadian.ca\/?s={search_term_string}\"},\"query-input\":{\"@type\":\"PropertyValueSpecification\",\"valueRequired\":true,\"valueName\":\"search_term_string\"}}],\"inLanguage\":\"fr-FR\"}]}<\/script>\n<!-- \/ Yoast SEO plugin. -->","yoast_head_json":{"title":"First Canadian Financial Group | Proudly protecting Canadians since 1988","robots":{"index":"index","follow":"follow","max-snippet":"max-snippet:-1","max-image-preview":"max-image-preview:large","max-video-preview":"max-video-preview:-1"},"canonical":"https:\/\/home.firstcanadian.ca\/","og_locale":"fr_FR","og_type":"article","og_title":"Page d'accueil - First Canadian Financial Group","og_url":"https:\/\/home.firstcanadian.ca\/","og_site_name":"First Canadian Financial Group","article_modified_time":"2025-11-12T21:08:53+00:00","twitter_card":"summary_large_image","twitter_misc":{"Est. reading time":"12 minutes"},"schema":{"@context":"https:\/\/schema.org","@graph":[{"@type":"WebPage","@id":"https:\/\/home.firstcanadian.ca\/","url":"https:\/\/home.firstcanadian.ca\/","name":"First Canadian Financial Group | Proudly protecting Canadians since 1988","isPartOf":{"@id":"https:\/\/home.firstcanadian.ca\/#website"},"datePublished":"2023-12-07T23:19:53+00:00","dateModified":"2025-11-12T21:08:53+00:00","description":"First Canadian Financial Group is proud to offer a range of products to protect Canadians. These products include Life Insurance, Group Benefits and more.","breadcrumb":{"@id":"https:\/\/home.firstcanadian.ca\/#breadcrumb"},"inLanguage":"fr-FR","potentialAction":[{"@type":"ReadAction","target":["https:\/\/home.firstcanadian.ca\/"]}]},{"@type":"BreadcrumbList","@id":"https:\/\/home.firstcanadian.ca\/#breadcrumb","itemListElement":[{"@type":"ListItem","position":1,"name":"Home","item":"https:\/\/home.firstcanadian.ca\/"},{"@type":"ListItem","position":2,"name":"Home"}]},{"@type":"WebSite","@id":"https:\/\/home.firstcanadian.ca\/#website","url":"https:\/\/home.firstcanadian.ca\/","name":"First Canadian Financial Group","description":"Protecting Canadians since 1988","potentialAction":[{"@type":"SearchAction","target":{"@type":"EntryPoint","urlTemplate":"https:\/\/home.firstcanadian.ca\/?s={search_term_string}"},"query-input":{"@type":"PropertyValueSpecification","valueRequired":true,"valueName":"search_term_string"}}],"inLanguage":"fr-FR"}]}},"_links":{"self":[{"href":"https:\/\/home.firstcanadian.ca\/fr\/wp-json\/wp\/v2\/pages\/48129","targetHints":{"allow":["GET"]}}],"collection":[{"href":"https:\/\/home.firstcanadian.ca\/fr\/wp-json\/wp\/v2\/pages"}],"about":[{"href":"https:\/\/home.firstcanadian.ca\/fr\/wp-json\/wp\/v2\/types\/page"}],"author":[{"embeddable":true,"href":"https:\/\/home.firstcanadian.ca\/fr\/wp-json\/wp\/v2\/users\/1"}],"replies":[{"embeddable":true,"href":"https:\/\/home.firstcanadian.ca\/fr\/wp-json\/wp\/v2\/comments?post=48129"}],"version-history":[{"count":22,"href":"https:\/\/home.firstcanadian.ca\/fr\/wp-json\/wp\/v2\/pages\/48129\/revisions"}],"predecessor-version":[{"id":50928,"href":"https:\/\/home.firstcanadian.ca\/fr\/wp-json\/wp\/v2\/pages\/48129\/revisions\/50928"}],"wp:attachment":[{"href":"https:\/\/home.firstcanadian.ca\/fr\/wp-json\/wp\/v2\/media?parent=48129"}],"curies":[{"name":"wp","href":"https:\/\/api.w.org\/{rel}","templated":true}]}}