{"id":3388,"date":"2018-04-10T14:29:28","date_gmt":"2018-04-10T14:29:28","guid":{"rendered":"https:\/\/home.firstcanadian.ca\/?page_id=3388"},"modified":"2026-03-11T14:14:42","modified_gmt":"2026-03-11T20:14:42","slug":"privacy-policy","status":"publish","type":"page","link":"https:\/\/home.firstcanadian.ca\/fr\/privacy-policy\/","title":{"rendered":"D\u00e9claration de confidentialit\u00e9"},"content":{"rendered":"<div class=\"wpb-content-wrapper\"><p>[vc_row parallax=&#8221;content-moving&#8221; css_animation=&#8221;fadeIn&#8221; css=&#8221;.vc_custom_1528220948677{padding-top: 60px !important;padding-bottom: 100px !important;background-color: #eeeeee !important;}&#8221; el_class=&#8221;notfull&#8221;][vc_column][vc_column_text el_class=&#8221;blue&#8221;]<\/p>\n<h1 style=\"text-align: center;\">D\u00e9claration de confidentialit\u00e9<\/h1>\n<p>[\/vc_column_text][\/vc_column][\/vc_row][vc_row css=&#8221;.vc_custom_1526340112704{margin-bottom: 100px !important;}&#8221;][vc_column width=&#8221;1\/6&#8243;][\/vc_column][vc_column width=&#8221;2\/3&#8243; el_class=&#8221;blue&#8221;][vc_column_text]<\/p>\n<h3>D\u00e9claration de confidentialit\u00e9 pour les clients<\/h3>\n<p>[\/vc_column_text][vc_raw_html css=&#8221;.vc_custom_1624893782284{margin-top: 20px !important;margin-bottom: 20px !important;}&#8221;]JTNDZGl2JTIwY2xhc3MlM0QlMjJ2Y19yb3clMjIlM0UlMEElMjAlMjAlMjAlMjAlM0NkaXYlMjBjbGFzcyUzRCUyMndwYl9jb2x1bW4lMjB2Y19jb2x1bW5fY29udGFpbmVyJTIwdmNfY29sLXNtLTYlMjB2Y19jb2wtbWQtNCUyMHZjX2NvbC1sZy0zJTIyJTNFJTBBJTIwJTIwJTIwJTIwJTNDYSUyMGhyZWYlM0QlMjIlMkZ3cC1jb250ZW50JTJGdXBsb2FkcyUyRjIwMjElMkYwNiUyRkZSLVByaXZhY3ktSW5mb3JtYXRpb24tZm9yLUN1c3RvbWVycy1GQ0lDLU1JQy1KYW51YXJ5LTIwMjEucGRmJTIyJTIwdGFyZ2V0JTNEJTIyX2JsYW5rJTIyJTNFJTBBJTIwJTIwJTIwJTIwJTIwJTIwJTIwJTIwJTNDZGl2JTIwY2xhc3MlM0QlMjJidG5feWVsbG93JTIyJTNFVCVDMyVBOWwlQzMlQTljaGFyZ2VyJTIwbGElMjB2ZXJzaW9uJTIwUERGJTBBJTIwJTIwJTIwJTIwJTIwJTIwJTIwJTIwJTNDJTJGZGl2JTNFJTBBJTIwJTIwJTIwJTIwJTNDJTJGYSUzRSUwQSUyMCUyMCUyMCUyMCUzQyUyRmRpdiUzRSUwQSUzQyUyRmRpdiUzRQ==[\/vc_raw_html][vc_column_text css=&#8221;.vc_custom_1624894539597{margin-bottom: 100px !important;}&#8221;]Nous nous engageons \u00e0 maintenir la s\u00e9curit\u00e9, la confidentialit\u00e9 et l&#8217;exactitude de tous les renseignements personnels sous notre contr\u00f4le. Dans le cadre de cet engagement, nous avons \u00e9tabli les <strong>DIX PRINCIPES DE CONFIDENTIALIT\u00c9<\/strong> suivants qui r\u00e9gissent nos pratiques en mati\u00e8re de traitement des renseignements :<\/p>\n<p><strong>Principe 1 \u2014 Responsabilit\u00e9<\/strong><\/p>\n<p><em>Nous sommes responsables des renseignements personnels sous notre contr\u00f4le et nous avons d\u00e9sign\u00e9 une ou plusieurs personnes responsables de notre conformit\u00e9 aux principes de confidentialit\u00e9.<\/em><\/p>\n<p><strong>Principe 2 \u2014 D\u00e9termination des fins de la collecte des renseignements personnels<\/strong><\/p>\n<p><em>Nous d\u00e9terminons les fins auxquelles les renseignements personnels sont collect\u00e9s au moment de la collecte ou avant celle-ci.<\/em><\/p>\n<p><strong>Principe 3 \u2014 Obtenir le consentement pour la collection, l&#8217;utilisation ou la divulgation des renseignements personnels<\/strong><\/p>\n<p><em>Nous obtenons le consentement du client pour la collecte, l\u2019utilisation ou la divulgation de renseignements personnels, \u00e0 moins que le consentement ne soit pas requis par la loi.<\/em><\/p>\n<p><strong>Principe 4 \u2014 Limitation de la collecte de renseignements personnels<\/strong><\/p>\n<p><em>Nous limitons la collection des renseignements personnels \u00e0 ceux n\u00e9cessaires aux fins identifi\u00e9es. Nous collectons les renseignements personnels de fa\u00e7on honn\u00eate et licite seulement.<\/em><\/p>\n<p><strong>Principe 5 \u2014 Limitation de l&#8217;utilisation, de la divulgation et de la conservation des renseignements personnels<\/strong><\/p>\n<p><em>Nous n&#8217;utilisons et ne divulguons pas les renseignements personnels \u00e0 des fins autres que celles pour lesquelles ils sont collect\u00e9s, \u00e0 moins d&#8217;avoir le consentement de la personne concern\u00e9e ou que la loi le permette. Nous conservons les renseignements personnels aussi longtemps que n\u00e9cessaire et conform\u00e9ment aux exigences l\u00e9gales.<\/em><\/p>\n<p><strong>Principe 6 \u2014 Exactitude des renseignements personnels<\/strong><\/p>\n<p><em>Les<\/em> <em>renseignements<\/em> <em>personnels sont conserv\u00e9s sous une forme aussi pr\u00e9cise et \u00e0 jour que n\u00e9cessaire afin de r\u00e9pondre aux fins pour lesquelles ils sont utilis\u00e9s. En cas d&#8217;erreurs mat\u00e9rielles relatives \u00e0 l&#8217;exactitude ou l&#8217;exhaustivit\u00e9, les renseignements peuvent \u00eatre modifi\u00e9s, le cas \u00e9ch\u00e9ant, sur demande.<\/em><\/p>\n<p><strong>Principe 7 \u2014 Protection des renseignements personnels<\/strong><\/p>\n<p><em>Nous prot\u00e9geons les renseignements personnels \u00e0 l&#8217;aide de mesures de protection appropri\u00e9es conform\u00e9ment aux exigences l\u00e9gales.<\/em><\/p>\n<p><strong>Principe 8 \u2014 Transparence concernant nos protocoles et nos pratiques<\/strong><\/p>\n<p><em>Nous mettons \u00e0 la disposition de nos clients et employ\u00e9s des informations concernant les politiques et pratiques applicables \u00e0 la gestion de leurs renseignements personnels.<\/em><\/p>\n<p><strong>Principe 9 \u2014 Acc\u00e8s des clients et des employ\u00e9s aux renseignements personnels<\/strong><\/p>\n<p><em>Les<\/em> <em>clients<\/em> <em>et employ\u00e9s seront inform\u00e9s, sur demande, de l&#8217;existence, l&#8217;utilisation et la divulgation de leurs renseignements personnels et y auront acc\u00e8s. Les clients et les employ\u00e9s peuvent v\u00e9rifier que leurs renseignements sont exacts et complets et peuvent demander que leurs renseignements soient modifi\u00e9s au besoin.<\/em><\/p>\n<p><strong>Principe 10 \u2014 Traitement des plaintes et suggestions des clients<\/strong><\/p>\n<p><em>Les<\/em> <em>clients<\/em> <em>et les employ\u00e9s peuvent adresser toute question ou demande en ce qui concerne nos pratiques relatives aux renseignements personnels ou nos principes de confidentialit\u00e9 \u00e0 notre responsable de la confidentialit\u00e9.<\/em>[\/vc_column_text][vc_column_text]<\/p>\n<h3>Pratiques relatives aux renseignements personnels<\/h3>\n<p><strong>Quels renseignements personnels sont collect\u00e9s : <\/strong>Les renseignements personnels dont nous faisons la demande d\u00e9pendent de la nature du service ou du produit demand\u00e9 et se limitent aux renseignements n\u00e9cessaires au processus de cette demande ou afin de fournir un meilleur service. Il s&#8217;agit des renseignements personnels contenus dans les demandes de protection d&#8217;assurance et des renseignements requis pour traiter les demandes de r\u00e8glement effectu\u00e9es par les d\u00e9tenteurs d&#8217;une police, chacun d&#8217;entre eux pouvant inclure des renseignements m\u00e9dicaux et financiers personnels. Nous recherchons un \u00e9quilibre entre le besoin de la compagnie d&#8217;utiliser de tels renseignements \u00e0 des fins commerciales l\u00e9gitimes et le droit \u00e0 la vie priv\u00e9e des individus en ce qui concerne leurs renseignements personnels.<\/p>\n<p><strong>Comment<\/strong> <strong>les<\/strong> <strong>renseignements<\/strong> <strong>personnels<\/strong> <strong>sont-ils collect\u00e9s : <\/strong>Les renseignements que nous collectons proviennent directement des clients ou indirectement d&#8217;une tierce partie. Si une tierce partie doit obtenir le consentement afin de divulguer des renseignements, un formulaire de divulgation des renseignements sign\u00e9 est obtenu aupr\u00e8s du client. Si les renseignements sont collect\u00e9s par t\u00e9l\u00e9phone, l&#8217;appel pourrait \u00eatre \u00e9cout\u00e9 ou enregistr\u00e9. Les enregistrements des appels sont utilis\u00e9s aux fins de contr\u00f4le de la qualit\u00e9, de formation et pour \u00e9tablir un registre des renseignements que vous fournissez. Si vous n&#8217;\u00eates pas \u00e0 l&#8217;aise avec l\u2019enregistrement de vos appels t\u00e9l\u00e9phoniques, vous pouvez communiquer avec nous par \u00e9crit et pr\u00e9ciser que vous souhaitez que notre r\u00e9ponse soit faite par \u00e9crit.<\/p>\n<p><strong>Comment<\/strong> <strong>les<\/strong> <strong>renseignements<\/strong> <strong>personnels sont-ils utilis\u00e9s : <\/strong>Nous utilisons les renseignements personnels pour communiquer avec vous, vous procurer les produits et services dont vous avez fait la demande, et pour vous fournir de l&#8217;information concernant les produits et services suppl\u00e9mentaires \u00e9tant susceptibles de vous int\u00e9resser.<\/p>\n<p><strong>Divulgation<\/strong> <strong>des renseignements personnels \u00e0 des tierces parties : <\/strong>\u00c0 l&#8217;exception des renseignements n\u00e9cessaires afin de vous procurer nos produits et services, nous sommes tenus de maintenir la confidentialit\u00e9 de vos renseignements personnels en tout temps, sauf dans les circonstances suivantes :<\/p>\n<ul>\n<li>Lorsque nous avons l&#8217;autorisation par la partie en question<\/li>\n<li>Lorsqu&#8217;exig\u00e9 ou autrement autoris\u00e9 par la Cela se produit lorsque les raisons m\u00e9dicales ou de s\u00e9curit\u00e9 rendent impossible ou peu r\u00e9aliste l&#8217;obtention du consentement. Par exemple, lors d\u2019une enqu\u00eate relative \u00e0 une potentielle infraction au contrat, de la d\u00e9tection d&#8217;une fraude ou \u00e0 des fins d&#8217;application de la loi ou lorsque l&#8217;obtention du consentement serait inappropri\u00e9e d\u00fb au fait que la personne est mineure, gravement malade ou autrement dans l\u2019incapacit\u00e9.<\/li>\n<li>Si nous avons besoin de partager des renseignements avec votre employeur, ceux-ci seront strictement limit\u00e9s aux renseignements relatifs \u00e0 votre position et votre capacit\u00e9 \u00e0 performer les t\u00e2ches relatives \u00e0 votre emploi. Aucun d\u00e9tail relatif au diagnostic, au traitement ou \u00e0 la m\u00e9dication ne sera divulgu\u00e9 \u00e0 votre employeur.<\/li>\n<\/ul>\n<p><strong>Protection<\/strong> <strong>des renseignements : <\/strong>Nous maintenons des normes de s\u00e9curit\u00e9 afin de s\u2019assurer que tous les renseignements personnels sont prot\u00e9g\u00e9s contre les acc\u00e8s non autoris\u00e9s, la divulgation non autoris\u00e9e, l&#8217;utilisation abusive ou les modifications inappropri\u00e9es.<\/p>\n<p><strong>Acc\u00e8s<\/strong> <strong>et modification des renseignements : <\/strong>Tous les clients ont le droit d&#8217;acc\u00e9der, de v\u00e9rifier et de modifier leurs renseignements personnels en notre possession. Pour soumettre une demande d&#8217;acc\u00e8s aux renseignements personnels, les clients sont requis de contacter le Responsable de la confidentialit\u00e9 de l&#8217;entreprise.<\/p>\n<p><strong>Questions, pr\u00e9occupations et plaintes : <\/strong>Pour les questions concernant notre protocole de confidentialit\u00e9, les pr\u00e9occupations ou les plaintes quant \u00e0 la confidentialit\u00e9 et nos pratiques de traitement des renseignements personnels, nous conseillons \u00e0 nos clients de contacter le Responsable de la confidentialit\u00e9 de l&#8217;entreprise. Si vous n&#8217;\u00eates pas satisfait de la r\u00e9ponse que vous recevez, vous pouvez communiquer avec le Commissaire \u00e0 l&#8217;information et \u00e0 la protection de la vie priv\u00e9e de l&#8217;Alberta.<\/p>\n<p><b>Coordonn\u00e9es<\/b><\/p>\n<ul>\n<li>Responsable de la confidentialit\u00e9 (La Corporation d&#8217;Assurance First Canadian OU La Corporation d&#8217;Assurance Millennium)\n<ul>\n<li>320 Sioux Road Sherwood Park, AB T8A 3X6<\/li>\n<li>T\u00e9l\u00e9phone: <a href=\"tel:-780-467-9575\">780.467.9575 <\/a><\/li>\n<li>T\u00e9l\u00e9copieur: 780.467.4016<\/li>\n<li>Courriel: <a href=\"mailto:privacy@firstcanadian.ca\">privacy@firstcanadian.ca<\/a> OU <a href=\"mailto:privacy@millenniuminsurance.ca\">privacy@millenniuminsurance.ca<\/a><\/li>\n<\/ul>\n<\/li>\n<\/ul>\n<p><b>Commissaire \u00e0 l&#8217;information et \u00e0 la protection de la vie priv\u00e9e de l&#8217;Alberta:<\/b><\/p>\n<ul>\n<li>Bureau du commissaire \u00e0 l&#8217;information et \u00e0 la protection de la vie priv\u00e9e de l&#8217;Alberta (Edmonton)\n<ul>\n<li>Suite 410, 9925 109 Street NW Edmonton, AB T5K 2J8<\/li>\n<li>T\u00e9l\u00e9phone: <a href=\"tel:1-780-422-6860\">780.422.6860<\/a><\/li>\n<li>T\u00e9l\u00e9copieur: 780.422.5682<\/li>\n<li>Sans Frais: <a href=\"tel:1-888-878-4044\">888.878.4044<\/a><\/li>\n<li>Courriel: <a href=\"mailto:generalinfo@oipc.ab.ca\">generalinfo@oipc.ab.ca<\/a><\/li>\n<\/ul>\n<\/li>\n<\/ul>\n<ul>\n<li>Bureau du commissaire \u00e0 l&#8217;information et \u00e0 la protection de la vie priv\u00e9e de l&#8217;Alberta (Calgary)\n<ul>\n<li>Suite 2460, 801 6 Avenue SW Calgary, AB, T2P 3W2<\/li>\n<li>T\u00e9l\u00e9phone: <a href=\"tel:1-403-297-2728\">403.297.2728<\/a><\/li>\n<li>T\u00e9l\u00e9copieur: 403.297.2711<\/li>\n<li>Sans Frais: <a href=\"tel:1-888-878-4044\">888.878.4044<\/a><\/li>\n<li>Courriel: <a href=\"mailto:generalinfo@oipc.ab.ca\">generalinfo@oipc.ab.ca<\/a><\/li>\n<\/ul>\n<\/li>\n<\/ul>\n<p>[\/vc_column_text][\/vc_column][vc_column width=&#8221;1\/6&#8243;][\/vc_column][\/vc_row][vc_row][vc_column]<script type=\"text\/javascript\">\n\t\t\t\t(function($){\n\t\t\t\t\t$(document).ready(function(){\n\t\t\t\t\t\tvar selector = \"#prior-disclosure\";\n\t\t\t\t\t\t$(selector).addClass(\"custom-ult-modal overlay-show\");\n\t\t\t\t\t\t$(selector).attr(\"data-class-id\", \"content-69e68410d497c\");\n\t\t\t\t\t\t$(selector).attr(\"data-overlay-class\", \"overlay-cornerbottomleft\");\n\t\t\t\t\t});\n\t\t\t\t})(jQuery);\n\t\t\t\t<\/script>\n<div class=\"ult-overlay content-69e68410d497c \" data-class=\"content-69e68410d497c\" id=\"button-click-overlay\" style=\"background:rgba(51,51,51,0.8); display:none;\">\n\t<div class=\"ult_modal ult-fade ult-small\">\n\t\t<div class=\"ult_modal-content\" style=\"\">\n\t\t\t<div class=\"ult_modal-header\" style=\"color:#333333;\">\n\t\t\t\t<h3 class=\"ult_modal-title\">Divulgations r\u00e8glementaires<\/h3>\n\t\t\t<\/div>\n\t\t\t<div class=\"ult_modal-body ult-html\" style=\"\">\n\t\t\t<a href=\"https:\/\/home.firstcanadian.ca\/wp-content\/uploads\/2026\/03\/LICAT-Public-Disclosure-2025_FR.pdf\" target=\"_blank\" rel=\"noopener noreferrer\">Divulgation publique du LICAT 2025<\/a><\/p>\n<p><a href=\"https:\/\/home.firstcanadian.ca\/wp-content\/uploads\/2025\/03\/LICAT-Public-Disclosure-2024-FR.pdf\" target=\"_blank\" rel=\"noopener noreferrer\">Divulgation publique du LICAT 2024<\/a><\/p>\n<p><a href=\"https:\/\/home.firstcanadian.ca\/wp-content\/uploads\/2024\/03\/LICAT-Public-Disclosure-2023-new-format-DRAFT_FR.pdf\" target=\"_blank\" rel=\"noopener noreferrer\">Divulgation publique du LICAT 2023<\/a><\/p>\n<p><a href=\"https:\/\/home.firstcanadian.ca\/wp-content\/uploads\/2023\/03\/LICAT-Public-Disclosure-2022_FR.pdf\" target=\"_blank\" rel=\"noopener noreferrer\">Divulgation publique du LICAT 2022<\/a><\/p>\n<p><a href=\"\/wp-content\/uploads\/2022\/03\/LICAT-Public-Disclosure-2021_FR.pdf\" target=\"_blank\" rel=\"noopener noreferrer\">Divulgation publique du LICAT 2021<\/a><\/p>\n<p><a href=\"\/wp-content\/uploads\/2021\/04\/LICAT-Public-Disclosure-FCIC-2020-FR.pdf\" target=\"_blank\" rel=\"noopener noreferrer\">Divulgation publique du LICAT 2020<\/a><\/p>\n<p><a href=\"\/wp-content\/uploads\/2020\/03\/FR_2019-LICAT-Plublic-Disclosure.pdf\" target=\"_blank\" rel=\"noopener noreferrer\">Divulgation publique du LICAT 2019<\/a><\/p>\n<p><a href=\"\/fr\/regulatory-disclosures\/\" target=\"_blank\" rel=\"noopener noreferrer\">Divulgation publique du LICAT 2018<\/a>\n\t\t\t<\/div>\n\t<\/div>\n\t<\/div>\n\t<div class=\"ult-overlay-close\">Close<\/div>\n<\/div>[\/vc_column][\/vc_row]<\/p>\n<\/div>","protected":false},"excerpt":{"rendered":"<p>[vc_row parallax=&#8221;content-moving&#8221; css_animation=&#8221;fadeIn&#8221; css=&#8221;.vc_custom_1528220948677{padding-top: 60px !important;padding-bottom: 100px !important;background-color: #eeeeee !important;}&#8221; el_class=&#8221;notfull&#8221;][vc_column][vc_column_text el_class=&#8221;blue&#8221;] D\u00e9claration de confidentialit\u00e9 [\/vc_column_text][\/vc_column][\/vc_row][vc_row css=&#8221;.vc_custom_1526340112704{margin-bottom: 100px !important;}&#8221;][vc_column width=&#8221;1\/6&#8243;][\/vc_column][vc_column width=&#8221;2\/3&#8243; el_class=&#8221;blue&#8221;][vc_column_text] D\u00e9claration de confidentialit\u00e9 pour les clients [\/vc_column_text][vc_raw_html css=&#8221;.vc_custom_1624893782284{margin-top: 20px !important;margin-bottom: 20px !important;}&#8221;]JTNDZGl2JTIwY2xhc3MlM0QlMjJ2Y19yb3clMjIlM0UlMEElMjAlMjAlMjAlMjAlM0NkaXYlMjBjbGFzcyUzRCUyMndwYl9jb2x1bW4lMjB2Y19jb2x1bW5fY29udGFpbmVyJTIwdmNfY29sLXNtLTYlMjB2Y19jb2wtbWQtNCUyMHZjX2NvbC1sZy0zJTIyJTNFJTBBJTIwJTIwJTIwJTIwJTNDYSUyMGhyZWYlM0QlMjIlMkZ3cC1jb250ZW50JTJGdXBsb2FkcyUyRjIwMjElMkYwNiUyRkZSLVByaXZhY3ktSW5mb3JtYXRpb24tZm9yLUN1c3RvbWVycy1GQ0lDLU1JQy1KYW51YXJ5LTIwMjEucGRmJTIyJTIwdGFyZ2V0JTNEJTIyX2JsYW5rJTIyJTNFJTBBJTIwJTIwJTIwJTIwJTIwJTIwJTIwJTIwJTNDZGl2JTIwY2xhc3MlM0QlMjJidG5feWVsbG93JTIyJTNFVCVDMyVBOWwlQzMlQTljaGFyZ2VyJTIwbGElMjB2ZXJzaW9uJTIwUERGJTBBJTIwJTIwJTIwJTIwJTIwJTIwJTIwJTIwJTNDJTJGZGl2JTNFJTBBJTIwJTIwJTIwJTIwJTNDJTJGYSUzRSUwQSUyMCUyMCUyMCUyMCUzQyUyRmRpdiUzRSUwQSUzQyUyRmRpdiUzRQ==[\/vc_raw_html][vc_column_text css=&#8221;.vc_custom_1624894539597{margin-bottom: 100px !important;}&#8221;]Nous nous engageons \u00e0 maintenir la s\u00e9curit\u00e9, la confidentialit\u00e9 et l&#8217;exactitude de tous les renseignements personnels sous notre contr\u00f4le. Dans le cadre de cet engagement, nous avons \u00e9tabli les DIX PRINCIPES DE CONFIDENTIALIT\u00c9 suivants qui r\u00e9gissent nos pratiques en mati\u00e8re de traitement des renseignements : Principe 1 \u2014 Responsabilit\u00e9 Nous sommes responsables des renseignements personnels sous notre contr\u00f4le et nous avons d\u00e9sign\u00e9 une ou plusieurs personnes responsables de notre conformit\u00e9 aux principes de confidentialit\u00e9. Principe 2 \u2014 D\u00e9termination des<\/p>\n","protected":false},"author":1,"featured_media":0,"parent":0,"menu_order":0,"comment_status":"closed","ping_status":"closed","template":"templates\/fullpage-aether.php","meta":{"footnotes":""},"class_list":["post-3388","page","type-page","status-publish","hentry"],"translation":{"provider":"WPGlobus","version":"3.0.2","language":"fr","enabled_languages":["en","fr"],"languages":{"en":{"title":true,"content":true,"excerpt":false},"fr":{"title":true,"content":true,"excerpt":false}}},"yoast_head":"<!-- This site is optimized with the Yoast SEO plugin v26.9 - https:\/\/yoast.com\/product\/yoast-seo-wordpress\/ -->\n<title>D\u00e9claration de confidentialit\u00e9 - First Canadian Financial Group<\/title>\n<meta name=\"robots\" content=\"index, follow, max-snippet:-1, max-image-preview:large, max-video-preview:-1\" \/>\n<link rel=\"canonical\" href=\"https:\/\/home.firstcanadian.ca\/privacy-policy\/\" \/>\n<meta property=\"og:locale\" content=\"fr_FR\" \/>\n<meta property=\"og:type\" content=\"article\" \/>\n<meta property=\"og:title\" content=\"D\u00e9claration de confidentialit\u00e9 - First Canadian Financial Group\" \/>\n<meta property=\"og:url\" content=\"https:\/\/home.firstcanadian.ca\/privacy-policy\/\" \/>\n<meta property=\"og:site_name\" content=\"First Canadian Financial Group\" \/>\n<meta property=\"article:modified_time\" content=\"2026-03-11T20:14:42+00:00\" \/>\n<meta name=\"twitter:card\" content=\"summary_large_image\" \/>\n<meta name=\"twitter:label1\" content=\"Est. reading time\" \/>\n\t<meta name=\"twitter:data1\" content=\"5 minutes\" \/>\n<script type=\"application\/ld+json\" class=\"yoast-schema-graph\">{\"@context\":\"https:\/\/schema.org\",\"@graph\":[{\"@type\":\"WebPage\",\"@id\":\"https:\/\/home.firstcanadian.ca\/privacy-policy\/\",\"url\":\"https:\/\/home.firstcanadian.ca\/privacy-policy\/\",\"name\":\"D\u00e9claration de confidentialit\u00e9 - First Canadian Financial Group\",\"isPartOf\":{\"@id\":\"https:\/\/home.firstcanadian.ca\/#website\"},\"datePublished\":\"2018-04-10T14:29:28+00:00\",\"dateModified\":\"2026-03-11T20:14:42+00:00\",\"breadcrumb\":{\"@id\":\"https:\/\/home.firstcanadian.ca\/privacy-policy\/#breadcrumb\"},\"inLanguage\":\"fr-FR\",\"potentialAction\":[{\"@type\":\"ReadAction\",\"target\":[\"https:\/\/home.firstcanadian.ca\/privacy-policy\/\"]}]},{\"@type\":\"BreadcrumbList\",\"@id\":\"https:\/\/home.firstcanadian.ca\/privacy-policy\/#breadcrumb\",\"itemListElement\":[{\"@type\":\"ListItem\",\"position\":1,\"name\":\"Home\",\"item\":\"https:\/\/home.firstcanadian.ca\/\"},{\"@type\":\"ListItem\",\"position\":2,\"name\":\"Privacy Policy\"}]},{\"@type\":\"WebSite\",\"@id\":\"https:\/\/home.firstcanadian.ca\/#website\",\"url\":\"https:\/\/home.firstcanadian.ca\/\",\"name\":\"First Canadian Financial Group\",\"description\":\"Protecting Canadians since 1988\",\"potentialAction\":[{\"@type\":\"SearchAction\",\"target\":{\"@type\":\"EntryPoint\",\"urlTemplate\":\"https:\/\/home.firstcanadian.ca\/?s={search_term_string}\"},\"query-input\":{\"@type\":\"PropertyValueSpecification\",\"valueRequired\":true,\"valueName\":\"search_term_string\"}}],\"inLanguage\":\"fr-FR\"}]}<\/script>\n<!-- \/ Yoast SEO plugin. -->","yoast_head_json":{"title":"D\u00e9claration de confidentialit\u00e9 - First Canadian Financial Group","robots":{"index":"index","follow":"follow","max-snippet":"max-snippet:-1","max-image-preview":"max-image-preview:large","max-video-preview":"max-video-preview:-1"},"canonical":"https:\/\/home.firstcanadian.ca\/privacy-policy\/","og_locale":"fr_FR","og_type":"article","og_title":"D\u00e9claration de confidentialit\u00e9 - First Canadian Financial Group","og_url":"https:\/\/home.firstcanadian.ca\/privacy-policy\/","og_site_name":"First Canadian Financial Group","article_modified_time":"2026-03-11T20:14:42+00:00","twitter_card":"summary_large_image","twitter_misc":{"Est. reading time":"5 minutes"},"schema":{"@context":"https:\/\/schema.org","@graph":[{"@type":"WebPage","@id":"https:\/\/home.firstcanadian.ca\/privacy-policy\/","url":"https:\/\/home.firstcanadian.ca\/privacy-policy\/","name":"D\u00e9claration de confidentialit\u00e9 - First Canadian Financial Group","isPartOf":{"@id":"https:\/\/home.firstcanadian.ca\/#website"},"datePublished":"2018-04-10T14:29:28+00:00","dateModified":"2026-03-11T20:14:42+00:00","breadcrumb":{"@id":"https:\/\/home.firstcanadian.ca\/privacy-policy\/#breadcrumb"},"inLanguage":"fr-FR","potentialAction":[{"@type":"ReadAction","target":["https:\/\/home.firstcanadian.ca\/privacy-policy\/"]}]},{"@type":"BreadcrumbList","@id":"https:\/\/home.firstcanadian.ca\/privacy-policy\/#breadcrumb","itemListElement":[{"@type":"ListItem","position":1,"name":"Home","item":"https:\/\/home.firstcanadian.ca\/"},{"@type":"ListItem","position":2,"name":"Privacy Policy"}]},{"@type":"WebSite","@id":"https:\/\/home.firstcanadian.ca\/#website","url":"https:\/\/home.firstcanadian.ca\/","name":"First Canadian Financial Group","description":"Protecting Canadians since 1988","potentialAction":[{"@type":"SearchAction","target":{"@type":"EntryPoint","urlTemplate":"https:\/\/home.firstcanadian.ca\/?s={search_term_string}"},"query-input":{"@type":"PropertyValueSpecification","valueRequired":true,"valueName":"search_term_string"}}],"inLanguage":"fr-FR"}]}},"_links":{"self":[{"href":"https:\/\/home.firstcanadian.ca\/fr\/wp-json\/wp\/v2\/pages\/3388","targetHints":{"allow":["GET"]}}],"collection":[{"href":"https:\/\/home.firstcanadian.ca\/fr\/wp-json\/wp\/v2\/pages"}],"about":[{"href":"https:\/\/home.firstcanadian.ca\/fr\/wp-json\/wp\/v2\/types\/page"}],"author":[{"embeddable":true,"href":"https:\/\/home.firstcanadian.ca\/fr\/wp-json\/wp\/v2\/users\/1"}],"replies":[{"embeddable":true,"href":"https:\/\/home.firstcanadian.ca\/fr\/wp-json\/wp\/v2\/comments?post=3388"}],"version-history":[{"count":37,"href":"https:\/\/home.firstcanadian.ca\/fr\/wp-json\/wp\/v2\/pages\/3388\/revisions"}],"predecessor-version":[{"id":51037,"href":"https:\/\/home.firstcanadian.ca\/fr\/wp-json\/wp\/v2\/pages\/3388\/revisions\/51037"}],"wp:attachment":[{"href":"https:\/\/home.firstcanadian.ca\/fr\/wp-json\/wp\/v2\/media?parent=3388"}],"curies":[{"name":"wp","href":"https:\/\/api.w.org\/{rel}","templated":true}]}}